{"id":256871,"date":"2024-05-13T08:13:26","date_gmt":"2024-05-13T08:13:26","guid":{"rendered":"https:\/\/project.uniurb.it\/asset\/?page_id=256871"},"modified":"2024-05-22T12:30:30","modified_gmt":"2024-05-22T12:30:30","slug":"ubs-universite-de-bretagne-sud","status":"publish","type":"page","link":"https:\/\/project.uniurb.it\/asset\/partners\/ubs-universite-de-bretagne-sud\/","title":{"rendered":"UBS &#8211; Universite de Bretagne Sud"},"content":{"rendered":"<p>[et_pb_section fb_built=&#8221;1&#8243; admin_label=&#8221;Header&#8221; _builder_version=&#8221;4.24.3&#8243; _module_preset=&#8221;default&#8221; background_image=&#8221;https:\/\/project.uniurb.it\/asset\/wp-content\/uploads\/2024\/05\/Ubs-header.jpg&#8221; custom_padding=&#8221;8vw||0px||false|false&#8221; collapsed=&#8221;on&#8221; global_colors_info=&#8221;{}&#8221;][et_pb_row custom_padding_last_edited=&#8221;on|desktop&#8221; _builder_version=&#8221;4.24.3&#8243; _module_preset=&#8221;default&#8221; custom_padding=&#8221;60px|60px|60px|120px|true|false&#8221; custom_padding_tablet=&#8221;30px|30px|30px|60px|true|false&#8221; custom_padding_phone=&#8221;20px|20px|20px|40px|true|false&#8221; hover_enabled=&#8221;0&#8243; border_radii=&#8221;off|30px|30px||&#8221; global_colors_info=&#8221;{%22gcid-f93e7060-cbd2-4dff-87ef-2d1a9f7beb1d%22:%91%22background_color%22%93}&#8221; background_enable_color=&#8221;off&#8221; module_class=&#8221;header-uni&#8221; sticky_enabled=&#8221;0&#8243;][et_pb_column type=&#8221;4_4&#8243; _builder_version=&#8221;4.24.3&#8243; _module_preset=&#8221;default&#8221; background_color=&#8221;RGBA(255,255,255,0)&#8221; global_colors_info=&#8221;{}&#8221;][et_pb_text _builder_version=&#8221;4.24.3&#8243; _module_preset=&#8221;51cfb461-96e4-480c-b7ca-98b59db047e5&#8243; header_text_color=&#8221;#FFFFFF&#8221; global_colors_info=&#8221;{}&#8221;]<\/p>\n<h1>UBS<\/h1>\n<p>[\/et_pb_text][\/et_pb_column][\/et_pb_row][\/et_pb_section][et_pb_section fb_built=&#8221;1&#8243; admin_label=&#8221;About&#8221; _builder_version=&#8221;4.24.3&#8243; _module_preset=&#8221;default&#8221; background_color=&#8221;gcid-139ad799-3826-42ab-8d58-710c2c44ddf0&#8243; locked=&#8221;off&#8221; collapsed=&#8221;on&#8221; global_colors_info=&#8221;{%22gcid-139ad799-3826-42ab-8d58-710c2c44ddf0%22:%91%22background_color%22%93}&#8221;][et_pb_row column_structure=&#8221;1_2,1_2&#8243; make_equal=&#8221;on&#8221; _builder_version=&#8221;4.24.3&#8243; _module_preset=&#8221;default&#8221; global_colors_info=&#8221;{}&#8221;][et_pb_column type=&#8221;1_2&#8243; _builder_version=&#8221;4.24.3&#8243; _module_preset=&#8221;default&#8221; background_image=&#8221;https:\/\/project.uniurb.it\/asset\/wp-content\/uploads\/2024\/05\/UBS-student.jpg&#8221; global_colors_info=&#8221;{}&#8221;][et_pb_divider show_divider=&#8221;off&#8221; _builder_version=&#8221;4.20.0&#8243; _module_preset=&#8221;default&#8221; height_tablet=&#8221;40vw&#8221; height_phone=&#8221;40vw&#8221; height_last_edited=&#8221;on|desktop&#8221; global_colors_info=&#8221;{}&#8221;][\/et_pb_divider][\/et_pb_column][et_pb_column type=&#8221;1_2&#8243; _builder_version=&#8221;4.20.0&#8243; _module_preset=&#8221;default&#8221; global_colors_info=&#8221;{}&#8221;][et_pb_text _builder_version=&#8221;4.24.3&#8243; _module_preset=&#8221;005f0c6e-2c70-436e-be68-87e8e37b9036&#8243; text_font=&#8221;Merriweather||||||||&#8221; header_font=&#8221;Merriweather||||||||&#8221; header_2_font=&#8221;Merriweather||||||||&#8221; header_2_text_color=&#8221;gcid-e536ffd5-96a2-4eb7-8cbe-1d1fc5a23e88&#8243; global_colors_info=&#8221;{%22gcid-e536ffd5-96a2-4eb7-8cbe-1d1fc5a23e88%22:%91%22header_2_text_color%22%93}&#8221;]<\/p>\n<h2>Universit\u00e9 Bretagne Sud<\/h2>\n<p>[\/et_pb_text][et_pb_text _builder_version=&#8221;4.24.3&#8243; _module_preset=&#8221;70be85c2-abfd-4ad8-bc0e-6a2a0507b3b0&#8243; text_text_color=&#8221;gcid-f93e7060-cbd2-4dff-87ef-2d1a9f7beb1d&#8221; locked=&#8221;off&#8221; global_colors_info=&#8221;{%22gcid-f93e7060-cbd2-4dff-87ef-2d1a9f7beb1d%22:%91%22text_text_color%22%93}&#8221;]<span style=\"font-weight: 400;\">Founded in 1995, UBS has always been a major social advancement advocate and venue for lifelong learning for the regional population, and a major contributor to local economic and cultural development. Multidisciplinary, modern and innovating, UBS is constantly growing and adapting to the needs of local industries and services.<br \/>\n<\/span>[\/et_pb_text][\/et_pb_column][\/et_pb_row][\/et_pb_section][et_pb_section fb_built=&#8221;1&#8243; specialty=&#8221;on&#8221; admin_label=&#8221;Features&#8221; _builder_version=&#8221;4.24.3&#8243; _module_preset=&#8221;default&#8221; background_color=&#8221;RGBA(255,255,255,0)&#8221; collapsed=&#8221;on&#8221; global_colors_info=&#8221;{}&#8221;][et_pb_column type=&#8221;1_2&#8243; _builder_version=&#8221;4.16&#8243; _module_preset=&#8221;default&#8221; custom_padding=&#8221;|||&#8221; global_colors_info=&#8221;{}&#8221; custom_padding__hover=&#8221;|||&#8221;][et_pb_text _builder_version=&#8221;4.24.3&#8243; _module_preset=&#8221;70be85c2-abfd-4ad8-bc0e-6a2a0507b3b0&#8243; text_text_color=&#8221;#FFFFFF&#8221; global_colors_info=&#8221;{}&#8221;]<\/p>\n<p><span style=\"font-weight: 400;\">Due to its proximity to its students and to its cultural and economic partners, UBS provides wider access to tertiary education and sets students onto successful and meaningful careers. 90 % of students are employed within 18 months of their graduation.<\/span><\/p>\n<p><span style=\"font-weight: 400;\">UBS is ideally located between the sea and land. It has two main campuses, Lorient and Vannes on the coast and one inland in Pontivy.<\/span><\/p>\n<p><span style=\"font-weight: 400;\">The University has three faculties, two Institutes of Technology and one School of Engineering.<\/span><\/p>\n<p><span style=\"font-weight: 400;\">Our Faculty of Law, Economics and Management in Vannes welcomes around 2000 students each year. In 2024, the faculty will be attached to the national network IAE (Institutes of Business Administration) .<\/span><\/p>\n<p>[\/et_pb_text][\/et_pb_column][et_pb_column type=&#8221;1_2&#8243; specialty_columns=&#8221;2&#8243; _builder_version=&#8221;4.16&#8243; _module_preset=&#8221;default&#8221; custom_padding=&#8221;|||&#8221; global_colors_info=&#8221;{}&#8221; custom_padding__hover=&#8221;|||&#8221;][et_pb_row_inner column_structure=&#8221;1_2,1_2&#8243; use_custom_gutter=&#8221;on&#8221; gutter_width=&#8221;1&#8243; _builder_version=&#8221;4.20.0&#8243; _module_preset=&#8221;default&#8221; locked=&#8221;off&#8221; global_colors_info=&#8221;{}&#8221;][et_pb_column_inner type=&#8221;1_2&#8243; saved_specialty_column_type=&#8221;1_2&#8243; _builder_version=&#8221;4.20.0&#8243; _module_preset=&#8221;default&#8221; global_colors_info=&#8221;{}&#8221;][et_pb_image src=&#8221;https:\/\/project.uniurb.it\/asset\/wp-content\/uploads\/2024\/05\/UBS-university.jpg&#8221; title_text=&#8221;UBS &#8211; university&#8221; _builder_version=&#8221;4.24.3&#8243; _module_preset=&#8221;default&#8221; locked=&#8221;off&#8221; global_colors_info=&#8221;{}&#8221;][\/et_pb_image][\/et_pb_column_inner][et_pb_column_inner type=&#8221;1_2&#8243; saved_specialty_column_type=&#8221;1_2&#8243; _builder_version=&#8221;4.20.0&#8243; _module_preset=&#8221;default&#8221; custom_padding=&#8221;60px||||false|false&#8221; custom_padding_tablet=&#8221;60px||||false|false&#8221; custom_padding_phone=&#8221;0px||||false|false&#8221; custom_padding_last_edited=&#8221;on|desktop&#8221; global_colors_info=&#8221;{}&#8221;][et_pb_image src=&#8221;https:\/\/project.uniurb.it\/asset\/wp-content\/uploads\/2024\/05\/Ubs.jpg&#8221; title_text=&#8221;Ubs&#8221; _builder_version=&#8221;4.24.3&#8243; _module_preset=&#8221;default&#8221; global_colors_info=&#8221;{}&#8221;][\/et_pb_image][\/et_pb_column_inner][\/et_pb_row_inner][\/et_pb_column][\/et_pb_section][et_pb_section fb_built=&#8221;1&#8243; admin_label=&#8221;Our Team&#8221; _builder_version=&#8221;4.24.3&#8243; _module_preset=&#8221;default&#8221; background_color=&#8221;gcid-139ad799-3826-42ab-8d58-710c2c44ddf0&#8243; collapsed=&#8221;on&#8221; global_colors_info=&#8221;{%22gcid-139ad799-3826-42ab-8d58-710c2c44ddf0%22:%91%22background_color%22%93}&#8221;][et_pb_row _builder_version=&#8221;4.20.0&#8243; _module_preset=&#8221;default&#8221; global_colors_info=&#8221;{}&#8221;][et_pb_column type=&#8221;4_4&#8243; _builder_version=&#8221;4.20.0&#8243; _module_preset=&#8221;default&#8221; global_colors_info=&#8221;{}&#8221;][et_pb_text _builder_version=&#8221;4.24.3&#8243; _module_preset=&#8221;005f0c6e-2c70-436e-be68-87e8e37b9036&#8243; header_2_font=&#8221;Merriweather||||||||&#8221; header_2_text_color=&#8221;gcid-e536ffd5-96a2-4eb7-8cbe-1d1fc5a23e88&#8243; text_orientation=&#8221;center&#8221; global_colors_info=&#8221;{%22gcid-e536ffd5-96a2-4eb7-8cbe-1d1fc5a23e88%22:%91%22header_2_text_color%22%93}&#8221;]<\/p>\n<h2>Academics<\/h2>\n<p>[\/et_pb_text][\/et_pb_column][\/et_pb_row][et_pb_row column_structure=&#8221;2_5,3_5&#8243; make_equal=&#8221;on&#8221; _builder_version=&#8221;4.24.3&#8243; _module_preset=&#8221;default&#8221; global_colors_info=&#8221;{}&#8221;][et_pb_column type=&#8221;2_5&#8243; _builder_version=&#8221;4.20.0&#8243; _module_preset=&#8221;default&#8221; global_colors_info=&#8221;{}&#8221;][et_pb_image src=&#8221;https:\/\/project.uniurb.it\/asset\/wp-content\/uploads\/2024\/05\/UBS-AnnieOlivier.jpg&#8221; title_text=&#8221;UBS AnnieOlivier&#8221; align=&#8221;center&#8221; _builder_version=&#8221;4.24.3&#8243; _module_preset=&#8221;default&#8221; global_colors_info=&#8221;{}&#8221;][\/et_pb_image][\/et_pb_column][et_pb_column type=&#8221;3_5&#8243; _builder_version=&#8221;4.20.0&#8243; _module_preset=&#8221;default&#8221; global_colors_info=&#8221;{}&#8221;][et_pb_text _builder_version=&#8221;4.24.3&#8243; _module_preset=&#8221;3959f580-4b5d-4d66-a036-b3a85e6e7dc7&#8243; header_5_font=&#8221;Merriweather Sans|500|||||||&#8221; header_5_text_color=&#8221;gcid-10c62fcb-f9c9-4ff3-884f-fa57f340c1ca&#8221; text_orientation=&#8221;center&#8221; global_colors_info=&#8221;{%22gcid-10c62fcb-f9c9-4ff3-884f-fa57f340c1ca%22:%91%22header_5_text_color%22%93}&#8221;]<\/p>\n<h5>Annie Olivier<\/h5>\n<p>[\/et_pb_text][et_pb_text _builder_version=&#8221;4.24.3&#8243; _module_preset=&#8221;b1752105-9545-492d-a7ab-fc8291e01b1c&#8221; text_font=&#8221;Merriweather Sans||||||||&#8221; text_text_color=&#8221;gcid-f93e7060-cbd2-4dff-87ef-2d1a9f7beb1d&#8221; text_font_size=&#8221;16px&#8221; header_6_font=&#8221;Merriweather Sans|500|||||||&#8221; header_6_text_color=&#8221;gcid-f93e7060-cbd2-4dff-87ef-2d1a9f7beb1d&#8221; global_colors_info=&#8221;{%22gcid-f93e7060-cbd2-4dff-87ef-2d1a9f7beb1d%22:%91%22header_6_text_color%22,%22text_text_color%22%93}&#8221;]<\/p>\n<p><span style=\"font-weight: 400;\"><strong>Associate professor of economics and management option finance and<\/strong><br \/><strong>control<\/strong> \u2013 Institute of Management &#8211; Bretagne Sud University<\/span><\/p>\n<p><span style=\"font-weight: 400;\">Former student of the Ecole Normale Sup\u00e9rieure \u2013 Paris<br \/>Diploma of Advanced Studies \u2013 Paris IX Dauphine University<\/span><\/p>\n<p><strong>Areas of expertise :<\/strong><br \/><span style=\"font-weight: 400;\">Educational professionnal with more than 20-years of teaching expertise in decision support software and business intelligence, database design, computer programming and modeling.<\/span><\/p>\n<p><strong>Professional profile :<\/strong><\/p>\n<ul>\n<li><span style=\"font-weight: 400;\">Training manager for specialized Masters in accounting, control and audit, and in management control and information systems.<\/span><\/li>\n<li><span style=\"font-weight: 400;\">Project coordinator in business intelligence.<\/span><\/li>\n<li><span style=\"font-weight: 400;\">10+ experience in ERASMUS+ \/ AFECA (Association des formations Europ\u00e9ennes \u00e0 la comptabilit\u00e9 et \u00e0 l\u2019Audit) projects : ILPA project and DIPCAT project<\/span><\/li>\n<\/ul>\n<p>[\/et_pb_text][\/et_pb_column][\/et_pb_row][\/et_pb_section]<\/p>\n","protected":false},"excerpt":{"rendered":"<p>UBSUniversit\u00e9 Bretagne SudFounded in 1995, UBS has always been a major social advancement advocate and venue for lifelong learning for the regional population, and a major contributor to local economic and cultural development. Multidisciplinary, modern and innovating, UBS is constantly growing and adapting to the needs of local industries and services. Due to its proximity [&hellip;]<\/p>\n","protected":false},"author":4,"featured_media":0,"parent":256863,"menu_order":0,"comment_status":"closed","ping_status":"closed","template":"","meta":{"_et_pb_use_builder":"on","_et_pb_old_content":"","_et_gb_content_width":"","footnotes":""},"yoast_head":"<!-- This site is optimized with the Yoast SEO plugin v22.9 - https:\/\/yoast.com\/wordpress\/plugins\/seo\/ -->\n<title>UBS - Universite de Bretagne Sud - Asset<\/title>\n<meta name=\"robots\" content=\"index, follow, max-snippet:-1, max-image-preview:large, max-video-preview:-1\" \/>\n<link rel=\"canonical\" href=\"https:\/\/project.uniurb.it\/asset\/partners\/ubs-universite-de-bretagne-sud\/\" \/>\n<meta property=\"og:locale\" content=\"en_GB\" \/>\n<meta property=\"og:type\" content=\"article\" \/>\n<meta property=\"og:title\" content=\"UBS - Universite de Bretagne Sud - Asset\" \/>\n<meta property=\"og:description\" content=\"UBSUniversit\u00e9 Bretagne SudFounded in 1995, UBS has always been a major social advancement advocate and venue for lifelong learning for the regional population, and a major contributor to local economic and cultural development. Multidisciplinary, modern and innovating, UBS is constantly growing and adapting to the needs of local industries and services. Due to its proximity [&hellip;]\" \/>\n<meta property=\"og:url\" content=\"https:\/\/project.uniurb.it\/asset\/partners\/ubs-universite-de-bretagne-sud\/\" \/>\n<meta property=\"og:site_name\" content=\"Asset\" \/>\n<meta property=\"article:modified_time\" content=\"2024-05-22T12:30:30+00:00\" \/>\n<meta property=\"og:image\" content=\"https:\/\/project.uniurb.it\/asset\/wp-content\/uploads\/2024\/05\/Asset_progetto_web_03-2.png\" \/>\n\t<meta property=\"og:image:width\" content=\"482\" \/>\n\t<meta property=\"og:image:height\" content=\"397\" \/>\n\t<meta property=\"og:image:type\" content=\"image\/png\" \/>\n<meta name=\"twitter:card\" content=\"summary_large_image\" \/>\n<meta name=\"twitter:label1\" content=\"Estimated reading time\" \/>\n\t<meta name=\"twitter:data1\" content=\"3 minutes\" \/>\n<script type=\"application\/ld+json\" class=\"yoast-schema-graph\">{\"@context\":\"https:\/\/schema.org\",\"@graph\":[{\"@type\":\"WebPage\",\"@id\":\"https:\/\/project.uniurb.it\/asset\/partners\/ubs-universite-de-bretagne-sud\/\",\"url\":\"https:\/\/project.uniurb.it\/asset\/partners\/ubs-universite-de-bretagne-sud\/\",\"name\":\"UBS - Universite de Bretagne Sud - Asset\",\"isPartOf\":{\"@id\":\"https:\/\/project.uniurb.it\/asset\/#website\"},\"datePublished\":\"2024-05-13T08:13:26+00:00\",\"dateModified\":\"2024-05-22T12:30:30+00:00\",\"breadcrumb\":{\"@id\":\"https:\/\/project.uniurb.it\/asset\/partners\/ubs-universite-de-bretagne-sud\/#breadcrumb\"},\"inLanguage\":\"en-GB\",\"potentialAction\":[{\"@type\":\"ReadAction\",\"target\":[\"https:\/\/project.uniurb.it\/asset\/partners\/ubs-universite-de-bretagne-sud\/\"]}]},{\"@type\":\"BreadcrumbList\",\"@id\":\"https:\/\/project.uniurb.it\/asset\/partners\/ubs-universite-de-bretagne-sud\/#breadcrumb\",\"itemListElement\":[{\"@type\":\"ListItem\",\"position\":1,\"name\":\"Home\",\"item\":\"https:\/\/project.uniurb.it\/asset\/\"},{\"@type\":\"ListItem\",\"position\":2,\"name\":\"Partners\",\"item\":\"https:\/\/project.uniurb.it\/asset\/partners\/\"},{\"@type\":\"ListItem\",\"position\":3,\"name\":\"UBS &#8211; Universite de Bretagne Sud\"}]},{\"@type\":\"WebSite\",\"@id\":\"https:\/\/project.uniurb.it\/asset\/#website\",\"url\":\"https:\/\/project.uniurb.it\/asset\/\",\"name\":\"Asset\",\"description\":\"Accounting for Sustainability, Social and Environmental Transparency\",\"alternateName\":\"Asset is an Erasmus+ KA2 project\",\"potentialAction\":[{\"@type\":\"SearchAction\",\"target\":{\"@type\":\"EntryPoint\",\"urlTemplate\":\"https:\/\/project.uniurb.it\/asset\/?s={search_term_string}\"},\"query-input\":\"required name=search_term_string\"}],\"inLanguage\":\"en-GB\"}]}<\/script>\n<!-- \/ Yoast SEO plugin. -->","yoast_head_json":{"title":"UBS - Universite de Bretagne Sud - Asset","robots":{"index":"index","follow":"follow","max-snippet":"max-snippet:-1","max-image-preview":"max-image-preview:large","max-video-preview":"max-video-preview:-1"},"canonical":"https:\/\/project.uniurb.it\/asset\/partners\/ubs-universite-de-bretagne-sud\/","og_locale":"en_GB","og_type":"article","og_title":"UBS - Universite de Bretagne Sud - Asset","og_description":"UBSUniversit\u00e9 Bretagne SudFounded in 1995, UBS has always been a major social advancement advocate and venue for lifelong learning for the regional population, and a major contributor to local economic and cultural development. Multidisciplinary, modern and innovating, UBS is constantly growing and adapting to the needs of local industries and services. Due to its proximity [&hellip;]","og_url":"https:\/\/project.uniurb.it\/asset\/partners\/ubs-universite-de-bretagne-sud\/","og_site_name":"Asset","article_modified_time":"2024-05-22T12:30:30+00:00","og_image":[{"width":482,"height":397,"url":"https:\/\/project.uniurb.it\/asset\/wp-content\/uploads\/2024\/05\/Asset_progetto_web_03-2.png","type":"image\/png"}],"twitter_card":"summary_large_image","twitter_misc":{"Estimated reading time":"3 minutes"},"schema":{"@context":"https:\/\/schema.org","@graph":[{"@type":"WebPage","@id":"https:\/\/project.uniurb.it\/asset\/partners\/ubs-universite-de-bretagne-sud\/","url":"https:\/\/project.uniurb.it\/asset\/partners\/ubs-universite-de-bretagne-sud\/","name":"UBS - Universite de Bretagne Sud - Asset","isPartOf":{"@id":"https:\/\/project.uniurb.it\/asset\/#website"},"datePublished":"2024-05-13T08:13:26+00:00","dateModified":"2024-05-22T12:30:30+00:00","breadcrumb":{"@id":"https:\/\/project.uniurb.it\/asset\/partners\/ubs-universite-de-bretagne-sud\/#breadcrumb"},"inLanguage":"en-GB","potentialAction":[{"@type":"ReadAction","target":["https:\/\/project.uniurb.it\/asset\/partners\/ubs-universite-de-bretagne-sud\/"]}]},{"@type":"BreadcrumbList","@id":"https:\/\/project.uniurb.it\/asset\/partners\/ubs-universite-de-bretagne-sud\/#breadcrumb","itemListElement":[{"@type":"ListItem","position":1,"name":"Home","item":"https:\/\/project.uniurb.it\/asset\/"},{"@type":"ListItem","position":2,"name":"Partners","item":"https:\/\/project.uniurb.it\/asset\/partners\/"},{"@type":"ListItem","position":3,"name":"UBS &#8211; Universite de Bretagne Sud"}]},{"@type":"WebSite","@id":"https:\/\/project.uniurb.it\/asset\/#website","url":"https:\/\/project.uniurb.it\/asset\/","name":"Asset","description":"Accounting for Sustainability, Social and Environmental Transparency","alternateName":"Asset is an Erasmus+ KA2 project","potentialAction":[{"@type":"SearchAction","target":{"@type":"EntryPoint","urlTemplate":"https:\/\/project.uniurb.it\/asset\/?s={search_term_string}"},"query-input":"required name=search_term_string"}],"inLanguage":"en-GB"}]}},"_links":{"self":[{"href":"https:\/\/project.uniurb.it\/asset\/wp-json\/wp\/v2\/pages\/256871"}],"collection":[{"href":"https:\/\/project.uniurb.it\/asset\/wp-json\/wp\/v2\/pages"}],"about":[{"href":"https:\/\/project.uniurb.it\/asset\/wp-json\/wp\/v2\/types\/page"}],"author":[{"embeddable":true,"href":"https:\/\/project.uniurb.it\/asset\/wp-json\/wp\/v2\/users\/4"}],"replies":[{"embeddable":true,"href":"https:\/\/project.uniurb.it\/asset\/wp-json\/wp\/v2\/comments?post=256871"}],"version-history":[{"count":8,"href":"https:\/\/project.uniurb.it\/asset\/wp-json\/wp\/v2\/pages\/256871\/revisions"}],"predecessor-version":[{"id":257258,"href":"https:\/\/project.uniurb.it\/asset\/wp-json\/wp\/v2\/pages\/256871\/revisions\/257258"}],"up":[{"embeddable":true,"href":"https:\/\/project.uniurb.it\/asset\/wp-json\/wp\/v2\/pages\/256863"}],"wp:attachment":[{"href":"https:\/\/project.uniurb.it\/asset\/wp-json\/wp\/v2\/media?parent=256871"}],"curies":[{"name":"wp","href":"https:\/\/api.w.org\/{rel}","templated":true}]}}