{"id":256880,"date":"2024-05-13T08:27:26","date_gmt":"2024-05-13T08:27:26","guid":{"rendered":"https:\/\/project.uniurb.it\/asset\/?page_id=256880"},"modified":"2024-07-03T12:53:11","modified_gmt":"2024-07-03T12:53:11","slug":"ism-vadybos-ir-ekonomikos-universitetas-uab","status":"publish","type":"page","link":"https:\/\/project.uniurb.it\/asset\/partners\/ism-vadybos-ir-ekonomikos-universitetas-uab\/","title":{"rendered":"ISM &#8211; Vadybos ir ekonomikos universitetas uab"},"content":{"rendered":"<p>[et_pb_section fb_built=&#8221;1&#8243; admin_label=&#8221;Header&#8221; _builder_version=&#8221;4.24.3&#8243; _module_preset=&#8221;default&#8221; background_image=&#8221;https:\/\/project.uniurb.it\/asset\/wp-content\/uploads\/2024\/05\/Vilnius-CITY-campus.jpg&#8221; custom_padding=&#8221;8vw||0px||false|false&#8221; collapsed=&#8221;on&#8221; global_colors_info=&#8221;{}&#8221;][et_pb_row custom_padding_last_edited=&#8221;on|desktop&#8221; module_class=&#8221;header-uni&#8221; _builder_version=&#8221;4.24.3&#8243; _module_preset=&#8221;default&#8221; background_enable_color=&#8221;off&#8221; custom_padding=&#8221;60px|60px|60px|120px|true|false&#8221; custom_padding_tablet=&#8221;30px|30px|30px|60px|true|false&#8221; custom_padding_phone=&#8221;20px|20px|20px|40px|true|false&#8221; border_radii=&#8221;off|30px|30px||&#8221; global_colors_info=&#8221;{%22gcid-f93e7060-cbd2-4dff-87ef-2d1a9f7beb1d%22:%91%22background_color%22%93}&#8221;][et_pb_column type=&#8221;4_4&#8243; _builder_version=&#8221;4.24.3&#8243; _module_preset=&#8221;default&#8221; background_color=&#8221;RGBA(255,255,255,0)&#8221; global_colors_info=&#8221;{}&#8221;][et_pb_text _builder_version=&#8221;4.24.3&#8243; _module_preset=&#8221;51cfb461-96e4-480c-b7ca-98b59db047e5&#8243; header_text_color=&#8221;#FFFFFF&#8221; global_colors_info=&#8221;{}&#8221;]<\/p>\n<h1>ISM<\/h1>\n<p>[\/et_pb_text][\/et_pb_column][\/et_pb_row][\/et_pb_section][et_pb_section fb_built=&#8221;1&#8243; admin_label=&#8221;About&#8221; _builder_version=&#8221;4.24.3&#8243; _module_preset=&#8221;default&#8221; background_color=&#8221;gcid-139ad799-3826-42ab-8d58-710c2c44ddf0&#8243; locked=&#8221;off&#8221; collapsed=&#8221;on&#8221; global_colors_info=&#8221;{%22gcid-139ad799-3826-42ab-8d58-710c2c44ddf0%22:%91%22background_color%22%93}&#8221;][et_pb_row column_structure=&#8221;1_2,1_2&#8243; make_equal=&#8221;on&#8221; _builder_version=&#8221;4.24.3&#8243; _module_preset=&#8221;default&#8221; background_enable_image=&#8221;off&#8221; global_colors_info=&#8221;{}&#8221;][et_pb_column type=&#8221;1_2&#8243; _builder_version=&#8221;4.24.3&#8243; _module_preset=&#8221;default&#8221; background_image=&#8221;https:\/\/project.uniurb.it\/asset\/wp-content\/uploads\/2024\/05\/ISM-University.jpg&#8221; global_colors_info=&#8221;{}&#8221;][et_pb_divider show_divider=&#8221;off&#8221; _builder_version=&#8221;4.20.0&#8243; _module_preset=&#8221;default&#8221; height_tablet=&#8221;40vw&#8221; height_phone=&#8221;40vw&#8221; height_last_edited=&#8221;on|desktop&#8221; global_colors_info=&#8221;{}&#8221;][\/et_pb_divider][\/et_pb_column][et_pb_column type=&#8221;1_2&#8243; _builder_version=&#8221;4.20.0&#8243; _module_preset=&#8221;default&#8221; global_colors_info=&#8221;{}&#8221;][et_pb_text _builder_version=&#8221;4.24.3&#8243; _module_preset=&#8221;005f0c6e-2c70-436e-be68-87e8e37b9036&#8243; text_font=&#8221;Merriweather||||||||&#8221; header_font=&#8221;Merriweather||||||||&#8221; header_2_font=&#8221;Merriweather||||||||&#8221; header_2_text_color=&#8221;gcid-e536ffd5-96a2-4eb7-8cbe-1d1fc5a23e88&#8243; global_colors_info=&#8221;{%22gcid-e536ffd5-96a2-4eb7-8cbe-1d1fc5a23e88%22:%91%22header_2_text_color%22%93}&#8221;]<\/p>\n<h2>University of Management and Economics, Vilnius, Lithuania<\/h2>\n<p>[\/et_pb_text][et_pb_text _builder_version=&#8221;4.24.3&#8243; _module_preset=&#8221;70be85c2-abfd-4ad8-bc0e-6a2a0507b3b0&#8243; text_text_color=&#8221;gcid-f93e7060-cbd2-4dff-87ef-2d1a9f7beb1d&#8221; locked=&#8221;off&#8221; global_colors_info=&#8221;{%22gcid-f93e7060-cbd2-4dff-87ef-2d1a9f7beb1d%22:%91%22text_text_color%22%93}&#8221;]<\/p>\n<p><span style=\"font-weight: 400;\">ISM University of Management and Economics (ISM) is Lithuanian private higher education institution, founded by BI Norwegian Business School in 1999.<\/span><\/p>\n<p>[\/et_pb_text][\/et_pb_column][\/et_pb_row][\/et_pb_section][et_pb_section fb_built=&#8221;1&#8243; specialty=&#8221;on&#8221; admin_label=&#8221;Features&#8221; _builder_version=&#8221;4.24.3&#8243; _module_preset=&#8221;default&#8221; background_color=&#8221;RGBA(255,255,255,0)&#8221; collapsed=&#8221;on&#8221; global_colors_info=&#8221;{}&#8221;][et_pb_column type=&#8221;1_2&#8243; _builder_version=&#8221;4.16&#8243; _module_preset=&#8221;default&#8221; custom_padding=&#8221;|||&#8221; global_colors_info=&#8221;{}&#8221; custom_padding__hover=&#8221;|||&#8221;][et_pb_text _builder_version=&#8221;4.24.3&#8243; _module_preset=&#8221;70be85c2-abfd-4ad8-bc0e-6a2a0507b3b0&#8243; text_text_color=&#8221;#FFFFFF&#8221; global_colors_info=&#8221;{}&#8221;]<\/p>\n<p><span style=\"font-weight: 400;\">University\u2019s mission is <\/span><span style=\"font-weight: 400;\">to be the top-tier business university in Northern Europe<\/span><span style=\"font-weight: 400;\">, dedicated to be a step ahead, recognized for innovation, focus on future competences and thought leadership.\u00a0 International Bachelor, Master, and Doctoral study programs (in Management and in Economics), Executive education is a platform, where motivated students meet experienced academics and successful business leaders. University offers Double Degrees (with BI Norwegian Business School, Kellog Business School, Kedge Business School, Illinois Technology University). <\/span><span style=\"font-weight: 400;\">ISM is distinguished for strong institutional relationship with business sector, national and international professionals\u2019 and researchers\u2019 associations and bodies, as well as partnerships with leading international researchers and research groups. <\/span><span style=\"font-weight: 400;\">It is a member of AACSB for international accreditation. ISM is committed to Principles for Responsible Management Education\u00a0(PRME), has joined the\u00a0UN Global Compact becoming part of National Network of Responsible Business to introduce the ideas of social responsibility and sustainable development to the students, and thus promote the development of responsible leadership in society.<\/span><\/p>\n<p><span style=\"font-weight: 400;\">The internationally oriented research is committed to excellence, addressing the evolving challenges of society, economy and corporate sector, aiming at wider impact and delivery of public benefit. Research groups are focused on areas relevant to governments, economies, businesses, locally and regionally, and contribute to the development of research-based education, supporting blended learning opportunities. Participation in strong international networks support active research collaborations and joint publications, including those in highly ranked journals. Researchers have experience in attracting and successful implementation of national grants, participation in international projects within priorities defined by Horizon Europe.<\/span><\/p>\n<p>[\/et_pb_text][\/et_pb_column][et_pb_column type=&#8221;1_2&#8243; specialty_columns=&#8221;2&#8243; _builder_version=&#8221;4.16&#8243; _module_preset=&#8221;default&#8221; custom_padding=&#8221;|||&#8221; global_colors_info=&#8221;{}&#8221; custom_padding__hover=&#8221;|||&#8221;][et_pb_row_inner column_structure=&#8221;1_2,1_2&#8243; use_custom_gutter=&#8221;on&#8221; gutter_width=&#8221;1&#8243; _builder_version=&#8221;4.20.0&#8243; _module_preset=&#8221;default&#8221; locked=&#8221;off&#8221; global_colors_info=&#8221;{}&#8221;][et_pb_column_inner type=&#8221;1_2&#8243; saved_specialty_column_type=&#8221;1_2&#8243; _builder_version=&#8221;4.20.0&#8243; _module_preset=&#8221;default&#8221; global_colors_info=&#8221;{}&#8221;][et_pb_image src=&#8221;https:\/\/project.uniurb.it\/asset\/wp-content\/uploads\/2024\/05\/City-campus.jpg&#8221; title_text=&#8221;City campus&#8221; _builder_version=&#8221;4.24.3&#8243; _module_preset=&#8221;default&#8221; locked=&#8221;off&#8221; global_colors_info=&#8221;{}&#8221;][\/et_pb_image][\/et_pb_column_inner][et_pb_column_inner type=&#8221;1_2&#8243; saved_specialty_column_type=&#8221;1_2&#8243; _builder_version=&#8221;4.20.0&#8243; _module_preset=&#8221;default&#8221; custom_padding=&#8221;60px||||false|false&#8221; custom_padding_tablet=&#8221;60px||||false|false&#8221; custom_padding_phone=&#8221;0px||||false|false&#8221; custom_padding_last_edited=&#8221;on|desktop&#8221; global_colors_info=&#8221;{}&#8221;][et_pb_image src=&#8221;https:\/\/project.uniurb.it\/asset\/wp-content\/uploads\/2024\/05\/Vilnius.jpg&#8221; title_text=&#8221;Vilnius&#8221; _builder_version=&#8221;4.24.3&#8243; _module_preset=&#8221;default&#8221; global_colors_info=&#8221;{}&#8221;][\/et_pb_image][\/et_pb_column_inner][\/et_pb_row_inner][et_pb_row_inner _builder_version=&#8221;4.24.3&#8243; _module_preset=&#8221;default&#8221; global_colors_info=&#8221;{}&#8221;][et_pb_column_inner saved_specialty_column_type=&#8221;1_2&#8243; _builder_version=&#8221;4.24.3&#8243; _module_preset=&#8221;default&#8221; global_colors_info=&#8221;{}&#8221;][et_pb_image src=&#8221;https:\/\/project.uniurb.it\/asset\/wp-content\/uploads\/2024\/06\/Vilnius-CITY-campus.jpg&#8221; title_text=&#8221;Vilnius CITY campus&#8221; _builder_version=&#8221;4.24.3&#8243; _module_preset=&#8221;default&#8221; global_colors_info=&#8221;{}&#8221;][\/et_pb_image][\/et_pb_column_inner][\/et_pb_row_inner][\/et_pb_column][\/et_pb_section][et_pb_section fb_built=&#8221;1&#8243; admin_label=&#8221;Our Team&#8221; _builder_version=&#8221;4.24.3&#8243; _module_preset=&#8221;default&#8221; background_color=&#8221;gcid-139ad799-3826-42ab-8d58-710c2c44ddf0&#8243; collapsed=&#8221;on&#8221; global_colors_info=&#8221;{%22gcid-139ad799-3826-42ab-8d58-710c2c44ddf0%22:%91%22background_color%22%93}&#8221;][et_pb_row _builder_version=&#8221;4.20.0&#8243; _module_preset=&#8221;default&#8221; global_colors_info=&#8221;{}&#8221;][et_pb_column type=&#8221;4_4&#8243; _builder_version=&#8221;4.20.0&#8243; _module_preset=&#8221;default&#8221; global_colors_info=&#8221;{}&#8221;][et_pb_text _builder_version=&#8221;4.24.3&#8243; _module_preset=&#8221;005f0c6e-2c70-436e-be68-87e8e37b9036&#8243; header_2_font=&#8221;Merriweather||||||||&#8221; header_2_text_color=&#8221;gcid-e536ffd5-96a2-4eb7-8cbe-1d1fc5a23e88&#8243; text_orientation=&#8221;center&#8221; global_colors_info=&#8221;{%22gcid-e536ffd5-96a2-4eb7-8cbe-1d1fc5a23e88%22:%91%22header_2_text_color%22%93}&#8221;]<\/p>\n<h2>Academics<\/h2>\n<p>[\/et_pb_text][\/et_pb_column][\/et_pb_row][et_pb_row column_structure=&#8221;1_2,1_2&#8243; _builder_version=&#8221;4.20.0&#8243; _module_preset=&#8221;default&#8221; global_colors_info=&#8221;{}&#8221;][et_pb_column type=&#8221;1_2&#8243; _builder_version=&#8221;4.20.0&#8243; _module_preset=&#8221;default&#8221; global_colors_info=&#8221;{}&#8221;][et_pb_image src=&#8221;https:\/\/project.uniurb.it\/asset\/wp-content\/uploads\/2024\/05\/ISM-Darskuviene.jpg&#8221; title_text=&#8221;ISM-Darskuviene&#8221; align=&#8221;center&#8221; _builder_version=&#8221;4.24.3&#8243; _module_preset=&#8221;default&#8221; global_colors_info=&#8221;{}&#8221;][\/et_pb_image][et_pb_text _builder_version=&#8221;4.24.3&#8243; _module_preset=&#8221;3959f580-4b5d-4d66-a036-b3a85e6e7dc7&#8243; header_5_font=&#8221;Merriweather Sans|500|||||||&#8221; header_5_text_color=&#8221;gcid-10c62fcb-f9c9-4ff3-884f-fa57f340c1ca&#8221; text_orientation=&#8221;center&#8221; hover_enabled=&#8221;0&#8243; global_colors_info=&#8221;{%22gcid-10c62fcb-f9c9-4ff3-884f-fa57f340c1ca%22:%91%22header_5_text_color%22%93}&#8221; sticky_enabled=&#8221;0&#8243;]<\/p>\n<h5>Valdon\u0117 Dar\u0161kuvien\u0117<\/h5>\n<p>[\/et_pb_text][et_pb_text _builder_version=&#8221;4.24.3&#8243; _module_preset=&#8221;b1752105-9545-492d-a7ab-fc8291e01b1c&#8221; text_text_color=&#8221;gcid-f93e7060-cbd2-4dff-87ef-2d1a9f7beb1d&#8221; header_6_font=&#8221;Merriweather Sans|500|||||||&#8221; header_6_text_color=&#8221;gcid-f93e7060-cbd2-4dff-87ef-2d1a9f7beb1d&#8221; text_orientation=&#8221;center&#8221; hover_enabled=&#8221;0&#8243; global_colors_info=&#8221;{%22gcid-f93e7060-cbd2-4dff-87ef-2d1a9f7beb1d%22:%91%22header_6_text_color%22,%22text_text_color%22%93}&#8221; sticky_enabled=&#8221;0&#8243;]<\/p>\n<p style=\"text-align: left;\"><span style=\"font-weight: 400;\">Valdon\u0117 Dar\u0161kuvien\u0117 is a professor of finance, with considerable academic and consulting expertise in corporate finance, valuation, financial strategy, corporate governance. She is invited guest lecturer and speaker on these topics in international research conferences and public business events. Has earned a degree of doctor in social sciences (economics) from Lithuania Academy of Sciences, Institute of Economics, habilitation (HP) from Vytautas Magnus University.<\/span><\/p>\n<p style=\"text-align: left;\"><span style=\"font-weight: 400;\">She is expert of the Lithuanian Research Council, member of EC Horizon Europe MSCA advisory group, has worked in EU H2020 Gender Advisory Group (2014-2017), member of\u00a0 AFECA (president in 2014-2018), member of CIRIEC scientific committee on public enterprises. She has served as Vice-President for Research (2015-2019) and chair of Department of Economics (2016-2017) at ISM University of Management and Economics, previously held positions at Vytautas Magnus University, Vice-Dean of Faculty of Economics and Management, professor of Finance, has taken the lead in projects on study quality and international development, including several international Double Degree study programs \u2013 with Louvain School of Management (Belgium), NHH (Norway), Trento University (Italy).\u00a0<\/span><\/p>\n<p style=\"text-align: left;\"><span style=\"font-weight: 400;\">Her research interests include industrial organization, corporate finance, corporate governance and sustainability, behavioral finance. She has published on capital structure, employee financial participation, ownership structure, family firms, corporate governance and CSR, behavioral implications, the role of fintechs, and networks in financial markets. Her publications, based on joint research projects with partners from London School of Economics (LSE), Freie-Universitat Berlin, Copenhagen Business School (CBS), Corvinus university, etc., were published in international monographs, research papers, EU policy documents, including Eurofound reports PEPPER III, IV, V, EFES Position paper, etc.<\/span><\/p>\n<p>[\/et_pb_text][\/et_pb_column][et_pb_column type=&#8221;1_2&#8243; _builder_version=&#8221;4.20.0&#8243; _module_preset=&#8221;default&#8221; global_colors_info=&#8221;{}&#8221;][et_pb_image src=&#8221;https:\/\/project.uniurb.it\/asset\/wp-content\/uploads\/2024\/05\/ISM-Pijus.jpg&#8221; title_text=&#8221;ISM-Pijus&#8221; align=&#8221;center&#8221; _builder_version=&#8221;4.24.3&#8243; _module_preset=&#8221;default&#8221; global_colors_info=&#8221;{}&#8221;][\/et_pb_image][et_pb_text _builder_version=&#8221;4.24.3&#8243; _module_preset=&#8221;3959f580-4b5d-4d66-a036-b3a85e6e7dc7&#8243; header_5_font=&#8221;Merriweather Sans|500|||||||&#8221; header_5_text_color=&#8221;gcid-10c62fcb-f9c9-4ff3-884f-fa57f340c1ca&#8221; text_orientation=&#8221;center&#8221; hover_enabled=&#8221;0&#8243; global_colors_info=&#8221;{%22gcid-10c62fcb-f9c9-4ff3-884f-fa57f340c1ca%22:%91%22header_5_text_color%22%93}&#8221; sticky_enabled=&#8221;0&#8243;]<\/p>\n<h5>Pijus Kr\u016bminas<\/h5>\n<p>[\/et_pb_text][et_pb_text _builder_version=&#8221;4.24.3&#8243; _module_preset=&#8221;b1752105-9545-492d-a7ab-fc8291e01b1c&#8221; text_font=&#8221;Merriweather Sans||||||||&#8221; text_text_color=&#8221;gcid-f93e7060-cbd2-4dff-87ef-2d1a9f7beb1d&#8221; header_6_font=&#8221;Merriweather Sans|500|||||||&#8221; header_6_text_color=&#8221;gcid-f93e7060-cbd2-4dff-87ef-2d1a9f7beb1d&#8221; hover_enabled=&#8221;0&#8243; global_colors_info=&#8221;{%22gcid-f93e7060-cbd2-4dff-87ef-2d1a9f7beb1d%22:%91%22header_6_text_color%22,%22text_text_color%22%93}&#8221; sticky_enabled=&#8221;0&#8243;]<\/p>\n<p><span style=\"font-weight: 400;\">Pijus Kr\u016bminas is an Associate Professor and programme director at <strong>ISM University of Management and Economics, Vilnius, Lithuania<\/strong>. He teaches subjects related to game theory, simulation games, and political economy, and leads the MSc programme in Financial Economics. His background is in economics (PhD) and political science (MA).<\/span><\/p>\n<p><span style=\"font-weight: 400;\">His core research interests include educational and academic wargaming (i.e. the use of serious games in teaching and research processes), including in the fields of economics, finance, and management. Pijus also has a strong interest in social science modelling through game theory, political economy, and economic history.<\/span><\/p>\n<p><span style=\"font-weight: 400;\">Pijus also has extensive experience in public sector consulting, mostly in innovation, digitalization, and education policy areas. This work covers research for national institutions, European Commission, European Space Agency, and other organisations.<\/span><\/p>\n<p>[\/et_pb_text][\/et_pb_column][\/et_pb_row][\/et_pb_section]<\/p>\n","protected":false},"excerpt":{"rendered":"<p>ISMUniversity of Management and Economics, Vilnius, LithuaniaISM University of Management and Economics (ISM) is Lithuanian private higher education institution, founded by BI Norwegian Business School in 1999.University\u2019s mission is to be the top-tier business university in Northern Europe, dedicated to be a step ahead, recognized for innovation, focus on future competences and thought leadership.\u00a0 International [&hellip;]<\/p>\n","protected":false},"author":4,"featured_media":0,"parent":256863,"menu_order":0,"comment_status":"closed","ping_status":"closed","template":"","meta":{"_et_pb_use_builder":"on","_et_pb_old_content":"","_et_gb_content_width":"","footnotes":""},"yoast_head":"<!-- This site is optimized with the Yoast SEO plugin v22.9 - https:\/\/yoast.com\/wordpress\/plugins\/seo\/ -->\n<title>ISM - Vadybos ir ekonomikos universitetas uab - Asset<\/title>\n<meta name=\"robots\" content=\"index, follow, max-snippet:-1, max-image-preview:large, max-video-preview:-1\" \/>\n<link rel=\"canonical\" href=\"https:\/\/project.uniurb.it\/asset\/partners\/ism-vadybos-ir-ekonomikos-universitetas-uab\/\" \/>\n<meta property=\"og:locale\" content=\"en_GB\" \/>\n<meta property=\"og:type\" content=\"article\" \/>\n<meta property=\"og:title\" content=\"ISM - Vadybos ir ekonomikos universitetas uab - Asset\" \/>\n<meta property=\"og:description\" content=\"ISMUniversity of Management and Economics, Vilnius, LithuaniaISM University of Management and Economics (ISM) is Lithuanian private higher education institution, founded by BI Norwegian Business School in 1999.University\u2019s mission is to be the top-tier business university in Northern Europe, dedicated to be a step ahead, recognized for innovation, focus on future competences and thought leadership.\u00a0 International [&hellip;]\" \/>\n<meta property=\"og:url\" content=\"https:\/\/project.uniurb.it\/asset\/partners\/ism-vadybos-ir-ekonomikos-universitetas-uab\/\" \/>\n<meta property=\"og:site_name\" content=\"Asset\" \/>\n<meta property=\"article:modified_time\" content=\"2024-07-03T12:53:11+00:00\" \/>\n<meta property=\"og:image\" content=\"https:\/\/project.uniurb.it\/asset\/wp-content\/uploads\/2024\/05\/Asset_progetto_web_03-2.png\" \/>\n\t<meta property=\"og:image:width\" content=\"482\" \/>\n\t<meta property=\"og:image:height\" content=\"397\" \/>\n\t<meta property=\"og:image:type\" content=\"image\/png\" \/>\n<meta name=\"twitter:card\" content=\"summary_large_image\" \/>\n<meta name=\"twitter:label1\" content=\"Estimated reading time\" \/>\n\t<meta name=\"twitter:data1\" content=\"5 minutes\" \/>\n<script type=\"application\/ld+json\" class=\"yoast-schema-graph\">{\"@context\":\"https:\/\/schema.org\",\"@graph\":[{\"@type\":\"WebPage\",\"@id\":\"https:\/\/project.uniurb.it\/asset\/partners\/ism-vadybos-ir-ekonomikos-universitetas-uab\/\",\"url\":\"https:\/\/project.uniurb.it\/asset\/partners\/ism-vadybos-ir-ekonomikos-universitetas-uab\/\",\"name\":\"ISM - Vadybos ir ekonomikos universitetas uab - Asset\",\"isPartOf\":{\"@id\":\"https:\/\/project.uniurb.it\/asset\/#website\"},\"datePublished\":\"2024-05-13T08:27:26+00:00\",\"dateModified\":\"2024-07-03T12:53:11+00:00\",\"breadcrumb\":{\"@id\":\"https:\/\/project.uniurb.it\/asset\/partners\/ism-vadybos-ir-ekonomikos-universitetas-uab\/#breadcrumb\"},\"inLanguage\":\"en-GB\",\"potentialAction\":[{\"@type\":\"ReadAction\",\"target\":[\"https:\/\/project.uniurb.it\/asset\/partners\/ism-vadybos-ir-ekonomikos-universitetas-uab\/\"]}]},{\"@type\":\"BreadcrumbList\",\"@id\":\"https:\/\/project.uniurb.it\/asset\/partners\/ism-vadybos-ir-ekonomikos-universitetas-uab\/#breadcrumb\",\"itemListElement\":[{\"@type\":\"ListItem\",\"position\":1,\"name\":\"Home\",\"item\":\"https:\/\/project.uniurb.it\/asset\/\"},{\"@type\":\"ListItem\",\"position\":2,\"name\":\"Partners\",\"item\":\"https:\/\/project.uniurb.it\/asset\/partners\/\"},{\"@type\":\"ListItem\",\"position\":3,\"name\":\"ISM &#8211; Vadybos ir ekonomikos universitetas uab\"}]},{\"@type\":\"WebSite\",\"@id\":\"https:\/\/project.uniurb.it\/asset\/#website\",\"url\":\"https:\/\/project.uniurb.it\/asset\/\",\"name\":\"Asset\",\"description\":\"Accounting for Sustainability, Social and Environmental Transparency\",\"alternateName\":\"Asset is an Erasmus+ KA2 project\",\"potentialAction\":[{\"@type\":\"SearchAction\",\"target\":{\"@type\":\"EntryPoint\",\"urlTemplate\":\"https:\/\/project.uniurb.it\/asset\/?s={search_term_string}\"},\"query-input\":\"required name=search_term_string\"}],\"inLanguage\":\"en-GB\"}]}<\/script>\n<!-- \/ Yoast SEO plugin. -->","yoast_head_json":{"title":"ISM - Vadybos ir ekonomikos universitetas uab - Asset","robots":{"index":"index","follow":"follow","max-snippet":"max-snippet:-1","max-image-preview":"max-image-preview:large","max-video-preview":"max-video-preview:-1"},"canonical":"https:\/\/project.uniurb.it\/asset\/partners\/ism-vadybos-ir-ekonomikos-universitetas-uab\/","og_locale":"en_GB","og_type":"article","og_title":"ISM - Vadybos ir ekonomikos universitetas uab - Asset","og_description":"ISMUniversity of Management and Economics, Vilnius, LithuaniaISM University of Management and Economics (ISM) is Lithuanian private higher education institution, founded by BI Norwegian Business School in 1999.University\u2019s mission is to be the top-tier business university in Northern Europe, dedicated to be a step ahead, recognized for innovation, focus on future competences and thought leadership.\u00a0 International [&hellip;]","og_url":"https:\/\/project.uniurb.it\/asset\/partners\/ism-vadybos-ir-ekonomikos-universitetas-uab\/","og_site_name":"Asset","article_modified_time":"2024-07-03T12:53:11+00:00","og_image":[{"width":482,"height":397,"url":"https:\/\/project.uniurb.it\/asset\/wp-content\/uploads\/2024\/05\/Asset_progetto_web_03-2.png","type":"image\/png"}],"twitter_card":"summary_large_image","twitter_misc":{"Estimated reading time":"5 minutes"},"schema":{"@context":"https:\/\/schema.org","@graph":[{"@type":"WebPage","@id":"https:\/\/project.uniurb.it\/asset\/partners\/ism-vadybos-ir-ekonomikos-universitetas-uab\/","url":"https:\/\/project.uniurb.it\/asset\/partners\/ism-vadybos-ir-ekonomikos-universitetas-uab\/","name":"ISM - Vadybos ir ekonomikos universitetas uab - Asset","isPartOf":{"@id":"https:\/\/project.uniurb.it\/asset\/#website"},"datePublished":"2024-05-13T08:27:26+00:00","dateModified":"2024-07-03T12:53:11+00:00","breadcrumb":{"@id":"https:\/\/project.uniurb.it\/asset\/partners\/ism-vadybos-ir-ekonomikos-universitetas-uab\/#breadcrumb"},"inLanguage":"en-GB","potentialAction":[{"@type":"ReadAction","target":["https:\/\/project.uniurb.it\/asset\/partners\/ism-vadybos-ir-ekonomikos-universitetas-uab\/"]}]},{"@type":"BreadcrumbList","@id":"https:\/\/project.uniurb.it\/asset\/partners\/ism-vadybos-ir-ekonomikos-universitetas-uab\/#breadcrumb","itemListElement":[{"@type":"ListItem","position":1,"name":"Home","item":"https:\/\/project.uniurb.it\/asset\/"},{"@type":"ListItem","position":2,"name":"Partners","item":"https:\/\/project.uniurb.it\/asset\/partners\/"},{"@type":"ListItem","position":3,"name":"ISM &#8211; Vadybos ir ekonomikos universitetas uab"}]},{"@type":"WebSite","@id":"https:\/\/project.uniurb.it\/asset\/#website","url":"https:\/\/project.uniurb.it\/asset\/","name":"Asset","description":"Accounting for Sustainability, Social and Environmental Transparency","alternateName":"Asset is an Erasmus+ KA2 project","potentialAction":[{"@type":"SearchAction","target":{"@type":"EntryPoint","urlTemplate":"https:\/\/project.uniurb.it\/asset\/?s={search_term_string}"},"query-input":"required name=search_term_string"}],"inLanguage":"en-GB"}]}},"_links":{"self":[{"href":"https:\/\/project.uniurb.it\/asset\/wp-json\/wp\/v2\/pages\/256880"}],"collection":[{"href":"https:\/\/project.uniurb.it\/asset\/wp-json\/wp\/v2\/pages"}],"about":[{"href":"https:\/\/project.uniurb.it\/asset\/wp-json\/wp\/v2\/types\/page"}],"author":[{"embeddable":true,"href":"https:\/\/project.uniurb.it\/asset\/wp-json\/wp\/v2\/users\/4"}],"replies":[{"embeddable":true,"href":"https:\/\/project.uniurb.it\/asset\/wp-json\/wp\/v2\/comments?post=256880"}],"version-history":[{"count":11,"href":"https:\/\/project.uniurb.it\/asset\/wp-json\/wp\/v2\/pages\/256880\/revisions"}],"predecessor-version":[{"id":257731,"href":"https:\/\/project.uniurb.it\/asset\/wp-json\/wp\/v2\/pages\/256880\/revisions\/257731"}],"up":[{"embeddable":true,"href":"https:\/\/project.uniurb.it\/asset\/wp-json\/wp\/v2\/pages\/256863"}],"wp:attachment":[{"href":"https:\/\/project.uniurb.it\/asset\/wp-json\/wp\/v2\/media?parent=256880"}],"curies":[{"name":"wp","href":"https:\/\/api.w.org\/{rel}","templated":true}]}}