{"id":257351,"date":"2026-04-01T13:15:08","date_gmt":"2026-04-01T13:15:08","guid":{"rendered":"https:\/\/project.uniurb.it\/dipartimento-di-eccellenza\/?page_id=257351"},"modified":"2026-04-03T06:54:04","modified_gmt":"2026-04-03T06:54:04","slug":"monitoraggio","status":"publish","type":"page","link":"https:\/\/project.uniurb.it\/dipartimento-di-eccellenza\/monitoraggio\/","title":{"rendered":"Monitoraggio"},"content":{"rendered":"<p>[et_pb_section fb_built=&#8221;1&#8243; _builder_version=&#8221;4.18.0&#8243; _module_preset=&#8221;default&#8221; background_color=&#8221;#F2F2F2&#8243; global_colors_info=&#8221;{}&#8221;][et_pb_row _builder_version=&#8221;4.18.0&#8243; _module_preset=&#8221;default&#8221; global_colors_info=&#8221;{}&#8221;][et_pb_column type=&#8221;4_4&#8243; _builder_version=&#8221;4.18.0&#8243; _module_preset=&#8221;default&#8221; global_colors_info=&#8221;{}&#8221;][et_pb_text _builder_version=&#8221;4.18.0&#8243; _module_preset=&#8221;default&#8221; global_colors_info=&#8221;{}&#8221;]<\/p>\n<h1>Monitoraggio<\/h1>\n<p>[\/et_pb_text][\/et_pb_column][\/et_pb_row][\/et_pb_section][et_pb_section fb_built=&#8221;1&#8243; _builder_version=&#8221;4.18.0&#8243; _module_preset=&#8221;default&#8221; global_colors_info=&#8221;{}&#8221;][et_pb_row column_structure=&#8221;3_5,2_5&#8243; _builder_version=&#8221;4.18.0&#8243; _module_preset=&#8221;default&#8221; global_colors_info=&#8221;{}&#8221;][et_pb_column type=&#8221;3_5&#8243; _builder_version=&#8221;4.18.0&#8243; _module_preset=&#8221;default&#8221; global_colors_info=&#8221;{}&#8221;][et_pb_text _builder_version=&#8221;4.18.0&#8243; _module_preset=&#8221;default&#8221; global_colors_info=&#8221;{}&#8221;]<\/p>\n<h3><strong>Sistema di Monitoraggio e Valutazione <\/strong><\/h3>\n<p><span>Le procedure di monitoraggio sono condotte da un Comitato di gestione cos\u00ec composto: <\/span><\/p>\n<ul>\n<li style=\"list-style-type: none;\">\n<ul>\n<li><span>Direttore di Dipartimento (Project Manager) <\/span><\/li>\n<li><span>Segretario del Dipartimento (Administrative Manager) <\/span><\/li>\n<li><span>Una unit\u00e0 di PTA (Project Assistant) <\/span><\/li>\n<li><span>Responsabile Lab Imaging<\/span><\/li>\n<li><span>Responsabile Lab Psicolinguistica <\/span><\/li>\n<li><span>4 Docenti del DISTUM<\/span><\/li>\n<\/ul>\n<\/li>\n<\/ul>\n<p><span>Vi \u00e8, inoltre, una Commissione di valutazione composta anche da membri esterni esperti di settore che avr\u00e0 la funzione di fornire una valutazione triennale e finale.<\/span><\/p>\n<p>[\/et_pb_text][\/et_pb_column][et_pb_column type=&#8221;2_5&#8243; _builder_version=&#8221;4.18.0&#8243; _module_preset=&#8221;default&#8221; global_colors_info=&#8221;{}&#8221;][et_pb_text _builder_version=&#8221;4.18.0&#8243; _module_preset=&#8221;default&#8221; min_height=&#8221;175.8px&#8221; custom_margin=&#8221;||||false|false&#8221; custom_padding=&#8221;|||30px|false|false&#8221; border_width_left=&#8221;2px&#8221; border_color_left=&#8221;#A83E7D&#8221; global_colors_info=&#8221;{}&#8221;]<\/p>\n<h4>Relazioni di monitoraggio intermedie<\/h4>\n<ul>\n<li><strong>05 Marzo 2024<\/strong><br \/>Scarica il primo report di monitoraggio \u2013 <a href=\"https:\/\/project.uniurb.it\/dipartimento-di-eccellenza\/wp-content\/uploads\/2024\/03\/Relazione_Monitoraggio_2023.pdf\" rel=\"attachment wp-att-256827\">scarica<\/a><\/li>\n<li><strong>31 Marzo 2025<\/strong><br \/>Scarica il secondo report di monitoraggio \u2013 <a href=\"https:\/\/project.uniurb.it\/dipartimento-di-eccellenza\/wp-content\/uploads\/2025\/04\/Relazione_Monitoraggio_2024_04marzo25_compressed.pdf\" rel=\"attachment wp-att-256827\">scarica<\/a><\/li>\n<li><strong>31 Marzo 2026<\/strong><br \/>Scarica il terzo report di monitoraggio \u2013 <a href=\"https:\/\/project.uniurb.it\/dipartimento-di-eccellenza\/wp-content\/uploads\/2026\/04\/Relazione-monitoraggio_2025.pdf\" rel=\"attachment wp-att-257371\">scarica<\/a><\/li>\n<\/ul>\n<p>[\/et_pb_text][\/et_pb_column][\/et_pb_row][\/et_pb_section]<\/p>\n","protected":false},"excerpt":{"rendered":"<p>MonitoraggioSistema di Monitoraggio e Valutazione Le procedure di monitoraggio sono condotte da un Comitato di gestione cos\u00ec composto: Direttore di Dipartimento (Project Manager) Segretario del Dipartimento (Administrative Manager) Una unit\u00e0 di PTA (Project Assistant) Responsabile Lab Imaging Responsabile Lab Psicolinguistica 4 Docenti del DISTUM Vi \u00e8, inoltre, una Commissione di valutazione composta anche da membri [&hellip;]<\/p>\n","protected":false},"author":1,"featured_media":0,"parent":0,"menu_order":0,"comment_status":"closed","ping_status":"closed","template":"","meta":{"_et_pb_use_builder":"on","_et_pb_old_content":"","_et_gb_content_width":""},"yoast_head":"<!-- This site is optimized with the Yoast SEO plugin v20.12 - https:\/\/yoast.com\/wordpress\/plugins\/seo\/ -->\n<title>Monitoraggio - Dipartimento di eccellenza \u2014 Dipartimento di Studi Umanistici - Universit\u00e0 degli Studi di Urbino Carlo Bo<\/title>\n<meta name=\"robots\" content=\"noindex, follow, max-snippet:-1, max-image-preview:large, max-video-preview:-1\" \/>\n<meta property=\"og:locale\" content=\"it_IT\" \/>\n<meta property=\"og:type\" content=\"article\" \/>\n<meta property=\"og:title\" content=\"Monitoraggio - Dipartimento di eccellenza \u2014 Dipartimento di Studi Umanistici - Universit\u00e0 degli Studi di Urbino Carlo Bo\" \/>\n<meta property=\"og:description\" content=\"MonitoraggioSistema di Monitoraggio e Valutazione Le procedure di monitoraggio sono condotte da un Comitato di gestione cos\u00ec composto: Direttore di Dipartimento (Project Manager) Segretario del Dipartimento (Administrative Manager) Una unit\u00e0 di PTA (Project Assistant) Responsabile Lab Imaging Responsabile Lab Psicolinguistica 4 Docenti del DISTUM Vi \u00e8, inoltre, una Commissione di valutazione composta anche da membri [&hellip;]\" \/>\n<meta property=\"og:url\" content=\"https:\/\/project.uniurb.it\/dipartimento-di-eccellenza\/monitoraggio\/\" \/>\n<meta property=\"og:site_name\" content=\"Dipartimento di eccellenza \u2014 Dipartimento di Studi Umanistici - Universit\u00e0 degli Studi di Urbino Carlo Bo\" \/>\n<meta property=\"article:modified_time\" content=\"2026-04-03T06:54:04+00:00\" \/>\n<meta name=\"twitter:card\" content=\"summary_large_image\" \/>\n<meta name=\"twitter:label1\" content=\"Tempo di lettura stimato\" \/>\n\t<meta name=\"twitter:data1\" content=\"1 minuto\" \/>\n<script type=\"application\/ld+json\" class=\"yoast-schema-graph\">{\"@context\":\"https:\/\/schema.org\",\"@graph\":[{\"@type\":\"WebPage\",\"@id\":\"https:\/\/project.uniurb.it\/dipartimento-di-eccellenza\/monitoraggio\/\",\"url\":\"https:\/\/project.uniurb.it\/dipartimento-di-eccellenza\/monitoraggio\/\",\"name\":\"Monitoraggio - Dipartimento di eccellenza \u2014 Dipartimento di Studi Umanistici - Universit\u00e0 degli Studi di Urbino Carlo Bo\",\"isPartOf\":{\"@id\":\"https:\/\/project.uniurb.it\/dipartimento-di-eccellenza\/#website\"},\"datePublished\":\"2026-04-01T13:15:08+00:00\",\"dateModified\":\"2026-04-03T06:54:04+00:00\",\"breadcrumb\":{\"@id\":\"https:\/\/project.uniurb.it\/dipartimento-di-eccellenza\/monitoraggio\/#breadcrumb\"},\"inLanguage\":\"it-IT\",\"potentialAction\":[{\"@type\":\"ReadAction\",\"target\":[\"https:\/\/project.uniurb.it\/dipartimento-di-eccellenza\/monitoraggio\/\"]}]},{\"@type\":\"BreadcrumbList\",\"@id\":\"https:\/\/project.uniurb.it\/dipartimento-di-eccellenza\/monitoraggio\/#breadcrumb\",\"itemListElement\":[{\"@type\":\"ListItem\",\"position\":1,\"name\":\"Home\",\"item\":\"https:\/\/project.uniurb.it\/dipartimento-di-eccellenza\/\"},{\"@type\":\"ListItem\",\"position\":2,\"name\":\"Monitoraggio\"}]},{\"@type\":\"WebSite\",\"@id\":\"https:\/\/project.uniurb.it\/dipartimento-di-eccellenza\/#website\",\"url\":\"https:\/\/project.uniurb.it\/dipartimento-di-eccellenza\/\",\"name\":\"Dipartimento di eccellenza \u2014 Dipartimento di Studi Umanistici - Universit\u00e0 degli Studi di Urbino Carlo Bo\",\"description\":\"I Dipartimenti di eccellenza rappresentano un intervento innovativo e di forte sostegno finanziario, previsto dalla legge 232 del 2016 (legge di bilancio 2017).\",\"potentialAction\":[{\"@type\":\"SearchAction\",\"target\":{\"@type\":\"EntryPoint\",\"urlTemplate\":\"https:\/\/project.uniurb.it\/dipartimento-di-eccellenza\/?s={search_term_string}\"},\"query-input\":\"required name=search_term_string\"}],\"inLanguage\":\"it-IT\"}]}<\/script>\n<!-- \/ Yoast SEO plugin. -->","yoast_head_json":{"title":"Monitoraggio - Dipartimento di eccellenza \u2014 Dipartimento di Studi Umanistici - Universit\u00e0 degli Studi di Urbino Carlo Bo","robots":{"index":"noindex","follow":"follow","max-snippet":"max-snippet:-1","max-image-preview":"max-image-preview:large","max-video-preview":"max-video-preview:-1"},"og_locale":"it_IT","og_type":"article","og_title":"Monitoraggio - Dipartimento di eccellenza \u2014 Dipartimento di Studi Umanistici - Universit\u00e0 degli Studi di Urbino Carlo Bo","og_description":"MonitoraggioSistema di Monitoraggio e Valutazione Le procedure di monitoraggio sono condotte da un Comitato di gestione cos\u00ec composto: Direttore di Dipartimento (Project Manager) Segretario del Dipartimento (Administrative Manager) Una unit\u00e0 di PTA (Project Assistant) Responsabile Lab Imaging Responsabile Lab Psicolinguistica 4 Docenti del DISTUM Vi \u00e8, inoltre, una Commissione di valutazione composta anche da membri [&hellip;]","og_url":"https:\/\/project.uniurb.it\/dipartimento-di-eccellenza\/monitoraggio\/","og_site_name":"Dipartimento di eccellenza \u2014 Dipartimento di Studi Umanistici - Universit\u00e0 degli Studi di Urbino Carlo Bo","article_modified_time":"2026-04-03T06:54:04+00:00","twitter_card":"summary_large_image","twitter_misc":{"Tempo di lettura stimato":"1 minuto"},"schema":{"@context":"https:\/\/schema.org","@graph":[{"@type":"WebPage","@id":"https:\/\/project.uniurb.it\/dipartimento-di-eccellenza\/monitoraggio\/","url":"https:\/\/project.uniurb.it\/dipartimento-di-eccellenza\/monitoraggio\/","name":"Monitoraggio - Dipartimento di eccellenza \u2014 Dipartimento di Studi Umanistici - Universit\u00e0 degli Studi di Urbino Carlo Bo","isPartOf":{"@id":"https:\/\/project.uniurb.it\/dipartimento-di-eccellenza\/#website"},"datePublished":"2026-04-01T13:15:08+00:00","dateModified":"2026-04-03T06:54:04+00:00","breadcrumb":{"@id":"https:\/\/project.uniurb.it\/dipartimento-di-eccellenza\/monitoraggio\/#breadcrumb"},"inLanguage":"it-IT","potentialAction":[{"@type":"ReadAction","target":["https:\/\/project.uniurb.it\/dipartimento-di-eccellenza\/monitoraggio\/"]}]},{"@type":"BreadcrumbList","@id":"https:\/\/project.uniurb.it\/dipartimento-di-eccellenza\/monitoraggio\/#breadcrumb","itemListElement":[{"@type":"ListItem","position":1,"name":"Home","item":"https:\/\/project.uniurb.it\/dipartimento-di-eccellenza\/"},{"@type":"ListItem","position":2,"name":"Monitoraggio"}]},{"@type":"WebSite","@id":"https:\/\/project.uniurb.it\/dipartimento-di-eccellenza\/#website","url":"https:\/\/project.uniurb.it\/dipartimento-di-eccellenza\/","name":"Dipartimento di eccellenza \u2014 Dipartimento di Studi Umanistici - Universit\u00e0 degli Studi di Urbino Carlo Bo","description":"I Dipartimenti di eccellenza rappresentano un intervento innovativo e di forte sostegno finanziario, previsto dalla legge 232 del 2016 (legge di bilancio 2017).","potentialAction":[{"@type":"SearchAction","target":{"@type":"EntryPoint","urlTemplate":"https:\/\/project.uniurb.it\/dipartimento-di-eccellenza\/?s={search_term_string}"},"query-input":"required name=search_term_string"}],"inLanguage":"it-IT"}]}},"_links":{"self":[{"href":"https:\/\/project.uniurb.it\/dipartimento-di-eccellenza\/wp-json\/wp\/v2\/pages\/257351"}],"collection":[{"href":"https:\/\/project.uniurb.it\/dipartimento-di-eccellenza\/wp-json\/wp\/v2\/pages"}],"about":[{"href":"https:\/\/project.uniurb.it\/dipartimento-di-eccellenza\/wp-json\/wp\/v2\/types\/page"}],"author":[{"embeddable":true,"href":"https:\/\/project.uniurb.it\/dipartimento-di-eccellenza\/wp-json\/wp\/v2\/users\/1"}],"replies":[{"embeddable":true,"href":"https:\/\/project.uniurb.it\/dipartimento-di-eccellenza\/wp-json\/wp\/v2\/comments?post=257351"}],"version-history":[{"count":8,"href":"https:\/\/project.uniurb.it\/dipartimento-di-eccellenza\/wp-json\/wp\/v2\/pages\/257351\/revisions"}],"predecessor-version":[{"id":257373,"href":"https:\/\/project.uniurb.it\/dipartimento-di-eccellenza\/wp-json\/wp\/v2\/pages\/257351\/revisions\/257373"}],"wp:attachment":[{"href":"https:\/\/project.uniurb.it\/dipartimento-di-eccellenza\/wp-json\/wp\/v2\/media?parent=257351"}],"curies":[{"name":"wp","href":"https:\/\/api.w.org\/{rel}","templated":true}]}}