{"id":256757,"date":"2024-02-07T10:06:34","date_gmt":"2024-02-07T10:06:34","guid":{"rendered":"https:\/\/project.uniurb.it\/indaco\/?page_id=256757"},"modified":"2024-02-28T14:55:59","modified_gmt":"2024-02-28T14:55:59","slug":"about-joint-master-degree","status":"publish","type":"page","link":"https:\/\/project.uniurb.it\/indaco\/about-joint-master-degree\/","title":{"rendered":"about Joint Master degree"},"content":{"rendered":"<p>[et_pb_section fb_built=&#8221;1&#8243; fullwidth=&#8221;on&#8221; _builder_version=&#8221;4.16&#8243; _module_preset=&#8221;default&#8221; background_enable_color=&#8221;off&#8221; background_image=&#8221;https:\/\/project.uniurb.it\/indaco\/wp-content\/uploads\/2020\/12\/hello-uniurb-background.jpg&#8221; height=&#8221;580px&#8221; height_tablet=&#8221;350px&#8221; height_phone=&#8221;260px&#8221; height_last_edited=&#8221;on|phone&#8221; collapsed=&#8221;off&#8221; global_colors_info=&#8221;{}&#8221;][et_pb_fullwidth_image src=&#8221;https:\/\/project.uniurb.it\/indaco\/wp-content\/uploads\/2024\/02\/post2-scaled.jpg&#8221; title_text=&#8221;post2&#8243; admin_label=&#8221;Immagine a Larghezza Intera&#8221; _builder_version=&#8221;4.18.0&#8243; _module_preset=&#8221;default&#8221; global_colors_info=&#8221;{}&#8221;][\/et_pb_fullwidth_image][et_pb_fullwidth_code _builder_version=&#8221;4.18.0&#8243; _module_preset=&#8221;default&#8221; global_colors_info=&#8221;{}&#8221;][\/et_pb_fullwidth_code][\/et_pb_section][et_pb_section fb_built=&#8221;1&#8243; _builder_version=&#8221;4.18.0&#8243; _module_preset=&#8221;default&#8221; global_colors_info=&#8221;{}&#8221;][et_pb_row _builder_version=&#8221;4.18.0&#8243; _module_preset=&#8221;default&#8221; global_colors_info=&#8221;{}&#8221;][et_pb_column type=&#8221;4_4&#8243; _builder_version=&#8221;4.18.0&#8243; _module_preset=&#8221;default&#8221; global_colors_info=&#8221;{}&#8221;][et_pb_text _builder_version=&#8221;4.18.0&#8243; _module_preset=&#8221;default&#8221; global_colors_info=&#8221;{}&#8221;]<\/p>\n<h1 style=\"text-align: center;\"><strong>MAIN PARTNERS<\/strong><\/h1>\n<p>[\/et_pb_text][\/et_pb_column][\/et_pb_row][et_pb_row column_structure=&#8221;1_5,1_5,1_5,1_5,1_5&#8243; _builder_version=&#8221;4.18.0&#8243; _module_preset=&#8221;default&#8221; global_colors_info=&#8221;{}&#8221;][et_pb_column type=&#8221;1_5&#8243; _builder_version=&#8221;4.18.0&#8243; _module_preset=&#8221;default&#8221; global_colors_info=&#8221;{}&#8221;][et_pb_image src=&#8221;https:\/\/project.uniurb.it\/indaco\/wp-content\/uploads\/2023\/05\/Urbino.png&#8221; title_text=&#8221;Urbino&#8221; _builder_version=&#8221;4.18.0&#8243; _module_preset=&#8221;default&#8221; global_colors_info=&#8221;{}&#8221;][\/et_pb_image][\/et_pb_column][et_pb_column type=&#8221;1_5&#8243; _builder_version=&#8221;4.18.0&#8243; _module_preset=&#8221;default&#8221; global_colors_info=&#8221;{}&#8221;][et_pb_image src=&#8221;https:\/\/project.uniurb.it\/indaco\/wp-content\/uploads\/2024\/02\/Nick-institutions.png&#8221; title_text=&#8221;Nick-institutions&#8221; _builder_version=&#8221;4.18.0&#8243; _module_preset=&#8221;default&#8221; global_colors_info=&#8221;{}&#8221;][\/et_pb_image][\/et_pb_column][et_pb_column type=&#8221;1_5&#8243; _builder_version=&#8221;4.18.0&#8243; _module_preset=&#8221;default&#8221; global_colors_info=&#8221;{}&#8221;][et_pb_image src=&#8221;https:\/\/project.uniurb.it\/indaco\/wp-content\/uploads\/2024\/02\/UM_logo.png&#8221; title_text=&#8221;UM_logo&#8221; _builder_version=&#8221;4.18.0&#8243; _module_preset=&#8221;default&#8221; global_colors_info=&#8221;{}&#8221;][\/et_pb_image][\/et_pb_column][et_pb_column type=&#8221;1_5&#8243; _builder_version=&#8221;4.18.0&#8243; _module_preset=&#8221;default&#8221; global_colors_info=&#8221;{}&#8221;][et_pb_image src=&#8221;https:\/\/project.uniurb.it\/indaco\/wp-content\/uploads\/2023\/05\/Universite-de-Lille.png&#8221; title_text=&#8221;Universit\u00e9 de Lille&#8221; _builder_version=&#8221;4.18.0&#8243; _module_preset=&#8221;default&#8221; global_colors_info=&#8221;{}&#8221;][\/et_pb_image][\/et_pb_column][et_pb_column type=&#8221;1_5&#8243; _builder_version=&#8221;4.18.0&#8243; _module_preset=&#8221;default&#8221; global_colors_info=&#8221;{}&#8221;][et_pb_image src=&#8221;https:\/\/project.uniurb.it\/indaco\/wp-content\/uploads\/2023\/05\/marca-universidad-de-la-laguna-original.png&#8221; title_text=&#8221;marca-universidad-de-la-laguna-original&#8221; _builder_version=&#8221;4.18.0&#8243; _module_preset=&#8221;default&#8221; global_colors_info=&#8221;{}&#8221;][\/et_pb_image][\/et_pb_column][\/et_pb_row][\/et_pb_section][et_pb_section fb_built=&#8221;1&#8243; _builder_version=&#8221;4.16&#8243; _module_preset=&#8221;default&#8221; global_colors_info=&#8221;{}&#8221;][et_pb_row column_structure=&#8221;1_2,1_2&#8243; _builder_version=&#8221;4.16&#8243; _module_preset=&#8221;default&#8221; global_colors_info=&#8221;{}&#8221;][et_pb_column type=&#8221;1_2&#8243; _builder_version=&#8221;4.16&#8243; _module_preset=&#8221;default&#8221; global_colors_info=&#8221;{}&#8221;][et_pb_text _builder_version=&#8221;4.18.0&#8243; _module_preset=&#8221;default&#8221; text_font_size=&#8221;23px&#8221; text_line_height=&#8221;1.2em&#8221; text_font_size_tablet=&#8221;18px&#8221; text_font_size_phone=&#8221;15px&#8221; text_font_size_last_edited=&#8221;on|phone&#8221; global_colors_info=&#8221;{}&#8221;]<\/p>\n<p>An international master&#8217;s course focused on preservation, retorationg, and valoristaion of cultural heritage in the Euro-Mediterranean region. It allows for experimentation with new teaching methods, exchange of experiences, and networking with international students.<\/p>\n<p>Your global journey with history and Mediterranean communities!<\/p>\n<p>[\/et_pb_text][\/et_pb_column][et_pb_column type=&#8221;1_2&#8243; _builder_version=&#8221;4.16&#8243; _module_preset=&#8221;default&#8221; global_colors_info=&#8221;{}&#8221;][et_pb_text _builder_version=&#8221;4.18.0&#8243; _module_preset=&#8221;default&#8221; text_font_size=&#8221;23px&#8221; text_line_height=&#8221;1.2em&#8221; text_font_size_tablet=&#8221;18px&#8221; text_font_size_phone=&#8221;15px&#8221; text_font_size_last_edited=&#8221;on|phone&#8221; global_colors_info=&#8221;{}&#8221;]<\/p>\n<p>Un programme international de master sur la conservation, la restauration et la valorisation du patrimoine culturel dans la r\u00e9gion euro-m\u00e9diterran\u00e9enne, pour exp\u00e9rimenter une nouvelle m\u00e9thode d&#8217;enseignement ainsi que pour \u00e9changer en permanence des exp\u00e9riences et entrer en contact avec des \u00e9tudiants internationaux.<\/p>\n<p>Votre exp\u00e9rience globale sur le patrimoine qui et communaut\u00e9s m\u00e9diterran\u00e9ennes !<\/p>\n<p>[\/et_pb_text][\/et_pb_column][\/et_pb_row][et_pb_row column_structure=&#8221;2_5,3_5&#8243; _builder_version=&#8221;4.16&#8243; _module_preset=&#8221;default&#8221; global_colors_info=&#8221;{}&#8221;][et_pb_column type=&#8221;2_5&#8243; _builder_version=&#8221;4.16&#8243; _module_preset=&#8221;default&#8221; global_colors_info=&#8221;{}&#8221;][et_pb_text _builder_version=&#8221;4.18.0&#8243; _module_preset=&#8221;default&#8221; inline_fonts=&#8221;ABeeZee&#8221; global_colors_info=&#8221;{}&#8221;]<\/p>\n<h1><strong>Discover our program!<\/strong><\/h1>\n<p>&nbsp;<\/p>\n<p>[\/et_pb_text][et_pb_button button_url=&#8221;https:\/\/drive.google.com\/file\/d\/1cdhS0i8sjnBaBLBTSLocea1p6cBfwYis\/view?usp=sharing&#8221; url_new_window=&#8221;on&#8221; button_text=&#8221;download brochure (english version)&#8221; button_alignment=&#8221;center&#8221; admin_label=&#8221;Pulsante&#8221; _builder_version=&#8221;4.18.0&#8243; _module_preset=&#8221;default&#8221; custom_button=&#8221;on&#8221; button_text_size=&#8221;18px&#8221; button_text_color=&#8221;#005092&#8243; global_colors_info=&#8221;{}&#8221;][\/et_pb_button][et_pb_button button_url=&#8221;https:\/\/drive.google.com\/file\/d\/1f9UrpQ9F3W21M081XFcR8JeB4QT0dsoj\/view?usp=sharing&#8221; url_new_window=&#8221;on&#8221; button_text=&#8221;t\u00e9l\u00e9charger brochure (version fran\u00e7aise)&#8221; button_alignment=&#8221;center&#8221; admin_label=&#8221;Pulsante&#8221; _builder_version=&#8221;4.18.0&#8243; _module_preset=&#8221;default&#8221; custom_button=&#8221;on&#8221; button_text_size=&#8221;18px&#8221; button_text_color=&#8221;#005092&#8243; global_colors_info=&#8221;{}&#8221;][\/et_pb_button][\/et_pb_column][et_pb_column type=&#8221;3_5&#8243; _builder_version=&#8221;4.16&#8243; _module_preset=&#8221;default&#8221; global_colors_info=&#8221;{}&#8221;][et_pb_image src=&#8221;https:\/\/project.uniurb.it\/indaco\/wp-content\/uploads\/2024\/02\/post1-scaled.jpg&#8221; title_text=&#8221;post1&#8243; _builder_version=&#8221;4.18.0&#8243; _module_preset=&#8221;default&#8221; global_colors_info=&#8221;{}&#8221;][\/et_pb_image][\/et_pb_column][\/et_pb_row][\/et_pb_section][et_pb_section fb_built=&#8221;1&#8243; _builder_version=&#8221;4.18.0&#8243; _module_preset=&#8221;default&#8221; global_colors_info=&#8221;{}&#8221;][et_pb_row column_structure=&#8221;1_2,1_2&#8243; _builder_version=&#8221;4.18.0&#8243; _module_preset=&#8221;default&#8221; global_colors_info=&#8221;{}&#8221;][et_pb_column type=&#8221;1_2&#8243; _builder_version=&#8221;4.18.0&#8243; _module_preset=&#8221;default&#8221; global_colors_info=&#8221;{}&#8221;][et_pb_video src=&#8221;https:\/\/youtu.be\/bXHFVu9G2-4&#8243; _builder_version=&#8221;4.18.0&#8243; _module_preset=&#8221;default&#8221; global_colors_info=&#8221;{}&#8221;][\/et_pb_video][\/et_pb_column][et_pb_column type=&#8221;1_2&#8243; _builder_version=&#8221;4.18.0&#8243; _module_preset=&#8221;default&#8221; global_colors_info=&#8221;{}&#8221;][et_pb_video src=&#8221;https:\/\/youtu.be\/pIJsYxQwsa4&#8243; admin_label=&#8221;Video&#8221; _builder_version=&#8221;4.18.0&#8243; _module_preset=&#8221;default&#8221; global_colors_info=&#8221;{}&#8221;][\/et_pb_video][\/et_pb_column][\/et_pb_row][et_pb_row _builder_version=&#8221;4.18.0&#8243; _module_preset=&#8221;default&#8221;][et_pb_column _builder_version=&#8221;4.18.0&#8243; _module_preset=&#8221;default&#8221; type=&#8221;4_4&#8243;][et_pb_video _builder_version=&#8221;4.18.0&#8243; _module_preset=&#8221;default&#8221; src=&#8221;https:\/\/youtu.be\/UlMO2kn1giE&#8221; hover_enabled=&#8221;0&#8243; sticky_enabled=&#8221;0&#8243;][\/et_pb_video][\/et_pb_column][\/et_pb_row][\/et_pb_section][et_pb_section fb_built=&#8221;1&#8243; _builder_version=&#8221;4.16&#8243; _module_preset=&#8221;default&#8221; global_colors_info=&#8221;{}&#8221;][et_pb_row _builder_version=&#8221;4.16&#8243; _module_preset=&#8221;default&#8221; global_colors_info=&#8221;{}&#8221;][et_pb_column type=&#8221;4_4&#8243; _builder_version=&#8221;4.16&#8243; _module_preset=&#8221;default&#8221; global_colors_info=&#8221;{}&#8221;][et_pb_text _builder_version=&#8221;4.18.0&#8243; _module_preset=&#8221;default&#8221; inline_fonts=&#8221;ABeeZee&#8221; global_colors_info=&#8221;{}&#8221;][\/et_pb_text][\/et_pb_column][\/et_pb_row][\/et_pb_section]<\/p>\n","protected":false},"excerpt":{"rendered":"<p>MAIN PARTNERSAn international master&#8217;s course focused on preservation, retorationg, and valoristaion of cultural heritage in the Euro-Mediterranean region. It allows for experimentation with new teaching methods, exchange of experiences, and networking with international students. Your global journey with history and Mediterranean communities!Un programme international de master sur la conservation, la restauration et la valorisation du [&hellip;]<\/p>\n","protected":false},"author":4,"featured_media":0,"parent":0,"menu_order":4,"comment_status":"closed","ping_status":"closed","template":"","meta":{"_et_pb_use_builder":"on","_et_pb_old_content":"","_et_gb_content_width":""},"yoast_head":"<!-- This site is optimized with the Yoast SEO plugin v20.12 - https:\/\/yoast.com\/wordpress\/plugins\/seo\/ -->\n<title>about Joint Master degree - Indaco<\/title>\n<meta name=\"robots\" content=\"index, follow, max-snippet:-1, max-image-preview:large, max-video-preview:-1\" \/>\n<link rel=\"canonical\" href=\"https:\/\/project.uniurb.it\/indaco\/about-joint-master-degree\/\" \/>\n<meta property=\"og:locale\" content=\"it_IT\" \/>\n<meta property=\"og:type\" content=\"article\" \/>\n<meta property=\"og:title\" content=\"about Joint Master degree - Indaco\" \/>\n<meta property=\"og:description\" content=\"MAIN PARTNERSAn international master&#039;s course focused on preservation, retorationg, and valoristaion of cultural heritage in the Euro-Mediterranean region. It allows for experimentation with new teaching methods, exchange of experiences, and networking with international students. Your global journey with history and Mediterranean communities!Un programme international de master sur la conservation, la restauration et la valorisation du [&hellip;]\" \/>\n<meta property=\"og:url\" content=\"https:\/\/project.uniurb.it\/indaco\/about-joint-master-degree\/\" \/>\n<meta property=\"og:site_name\" content=\"Indaco\" \/>\n<meta property=\"article:modified_time\" content=\"2024-02-28T14:55:59+00:00\" \/>\n<meta name=\"twitter:card\" content=\"summary_large_image\" \/>\n<meta name=\"twitter:label1\" content=\"Tempo di lettura stimato\" \/>\n\t<meta name=\"twitter:data1\" content=\"2 minuti\" \/>\n<script type=\"application\/ld+json\" class=\"yoast-schema-graph\">{\"@context\":\"https:\/\/schema.org\",\"@graph\":[{\"@type\":\"WebPage\",\"@id\":\"https:\/\/project.uniurb.it\/indaco\/about-joint-master-degree\/\",\"url\":\"https:\/\/project.uniurb.it\/indaco\/about-joint-master-degree\/\",\"name\":\"about Joint Master degree - Indaco\",\"isPartOf\":{\"@id\":\"https:\/\/project.uniurb.it\/indaco\/#website\"},\"datePublished\":\"2024-02-07T10:06:34+00:00\",\"dateModified\":\"2024-02-28T14:55:59+00:00\",\"breadcrumb\":{\"@id\":\"https:\/\/project.uniurb.it\/indaco\/about-joint-master-degree\/#breadcrumb\"},\"inLanguage\":\"it-IT\",\"potentialAction\":[{\"@type\":\"ReadAction\",\"target\":[\"https:\/\/project.uniurb.it\/indaco\/about-joint-master-degree\/\"]}]},{\"@type\":\"BreadcrumbList\",\"@id\":\"https:\/\/project.uniurb.it\/indaco\/about-joint-master-degree\/#breadcrumb\",\"itemListElement\":[{\"@type\":\"ListItem\",\"position\":1,\"name\":\"Home\",\"item\":\"https:\/\/project.uniurb.it\/indaco\/\"},{\"@type\":\"ListItem\",\"position\":2,\"name\":\"about Joint Master degree\"}]},{\"@type\":\"WebSite\",\"@id\":\"https:\/\/project.uniurb.it\/indaco\/#website\",\"url\":\"https:\/\/project.uniurb.it\/indaco\/\",\"name\":\"Indaco\",\"description\":\"Welcome on board\",\"potentialAction\":[{\"@type\":\"SearchAction\",\"target\":{\"@type\":\"EntryPoint\",\"urlTemplate\":\"https:\/\/project.uniurb.it\/indaco\/?s={search_term_string}\"},\"query-input\":\"required name=search_term_string\"}],\"inLanguage\":\"it-IT\"}]}<\/script>\n<!-- \/ Yoast SEO plugin. -->","yoast_head_json":{"title":"about Joint Master degree - Indaco","robots":{"index":"index","follow":"follow","max-snippet":"max-snippet:-1","max-image-preview":"max-image-preview:large","max-video-preview":"max-video-preview:-1"},"canonical":"https:\/\/project.uniurb.it\/indaco\/about-joint-master-degree\/","og_locale":"it_IT","og_type":"article","og_title":"about Joint Master degree - Indaco","og_description":"MAIN PARTNERSAn international master's course focused on preservation, retorationg, and valoristaion of cultural heritage in the Euro-Mediterranean region. It allows for experimentation with new teaching methods, exchange of experiences, and networking with international students. Your global journey with history and Mediterranean communities!Un programme international de master sur la conservation, la restauration et la valorisation du [&hellip;]","og_url":"https:\/\/project.uniurb.it\/indaco\/about-joint-master-degree\/","og_site_name":"Indaco","article_modified_time":"2024-02-28T14:55:59+00:00","twitter_card":"summary_large_image","twitter_misc":{"Tempo di lettura stimato":"2 minuti"},"schema":{"@context":"https:\/\/schema.org","@graph":[{"@type":"WebPage","@id":"https:\/\/project.uniurb.it\/indaco\/about-joint-master-degree\/","url":"https:\/\/project.uniurb.it\/indaco\/about-joint-master-degree\/","name":"about Joint Master degree - Indaco","isPartOf":{"@id":"https:\/\/project.uniurb.it\/indaco\/#website"},"datePublished":"2024-02-07T10:06:34+00:00","dateModified":"2024-02-28T14:55:59+00:00","breadcrumb":{"@id":"https:\/\/project.uniurb.it\/indaco\/about-joint-master-degree\/#breadcrumb"},"inLanguage":"it-IT","potentialAction":[{"@type":"ReadAction","target":["https:\/\/project.uniurb.it\/indaco\/about-joint-master-degree\/"]}]},{"@type":"BreadcrumbList","@id":"https:\/\/project.uniurb.it\/indaco\/about-joint-master-degree\/#breadcrumb","itemListElement":[{"@type":"ListItem","position":1,"name":"Home","item":"https:\/\/project.uniurb.it\/indaco\/"},{"@type":"ListItem","position":2,"name":"about Joint Master degree"}]},{"@type":"WebSite","@id":"https:\/\/project.uniurb.it\/indaco\/#website","url":"https:\/\/project.uniurb.it\/indaco\/","name":"Indaco","description":"Welcome on board","potentialAction":[{"@type":"SearchAction","target":{"@type":"EntryPoint","urlTemplate":"https:\/\/project.uniurb.it\/indaco\/?s={search_term_string}"},"query-input":"required name=search_term_string"}],"inLanguage":"it-IT"}]}},"_links":{"self":[{"href":"https:\/\/project.uniurb.it\/indaco\/wp-json\/wp\/v2\/pages\/256757"}],"collection":[{"href":"https:\/\/project.uniurb.it\/indaco\/wp-json\/wp\/v2\/pages"}],"about":[{"href":"https:\/\/project.uniurb.it\/indaco\/wp-json\/wp\/v2\/types\/page"}],"author":[{"embeddable":true,"href":"https:\/\/project.uniurb.it\/indaco\/wp-json\/wp\/v2\/users\/4"}],"replies":[{"embeddable":true,"href":"https:\/\/project.uniurb.it\/indaco\/wp-json\/wp\/v2\/comments?post=256757"}],"version-history":[{"count":25,"href":"https:\/\/project.uniurb.it\/indaco\/wp-json\/wp\/v2\/pages\/256757\/revisions"}],"predecessor-version":[{"id":256807,"href":"https:\/\/project.uniurb.it\/indaco\/wp-json\/wp\/v2\/pages\/256757\/revisions\/256807"}],"wp:attachment":[{"href":"https:\/\/project.uniurb.it\/indaco\/wp-json\/wp\/v2\/media?parent=256757"}],"curies":[{"name":"wp","href":"https:\/\/api.w.org\/{rel}","templated":true}]}}