{"id":257119,"date":"2025-09-11T13:07:07","date_gmt":"2025-09-11T13:07:07","guid":{"rendered":"https:\/\/project.uniurb.it\/tne-engines\/?page_id=257119"},"modified":"2025-10-09T15:58:17","modified_gmt":"2025-10-09T15:58:17","slug":"associate-partners","status":"publish","type":"page","link":"https:\/\/project.uniurb.it\/tne-itaca\/associate-partners\/","title":{"rendered":"African Members"},"content":{"rendered":"<p>[et_pb_section fb_built=&#8221;1&#8243; _builder_version=&#8221;4.18.0&#8243; _module_preset=&#8221;default&#8221; background_color=&#8221;#bb7537&#8243; custom_margin=&#8221;0px|0px|0px|0px|false|false&#8221; custom_padding=&#8221;0px|0px|0px|0px|false|false&#8221; global_colors_info=&#8221;{}&#8221;][et_pb_row admin_label=&#8221;Riga&#8221; _builder_version=&#8221;4.18.0&#8243; _module_preset=&#8221;default&#8221; custom_padding=&#8221;0px|0px|0px|0px|false|false&#8221; global_colors_info=&#8221;{}&#8221;][et_pb_column type=&#8221;4_4&#8243; _builder_version=&#8221;4.18.0&#8243; _module_preset=&#8221;default&#8221; global_colors_info=&#8221;{}&#8221;][et_pb_text admin_label=&#8221;Testo&#8221; _builder_version=&#8221;4.18.0&#8243; _module_preset=&#8221;default&#8221; text_font=&#8221;|||on|||||&#8221; text_text_color=&#8221;#FFFFFF&#8221; custom_margin=&#8221;10px||10px||false|false&#8221; global_colors_info=&#8221;{}&#8221;]<\/p>\n<p class=\"p1\"><span>\u201cITACA \u2013 Internationalizing ITAlian ACademia with Africa\u201d \u2013 Project Proposal TNE23-00075 \u2013 CUP J51I24000250006<\/span><\/p>\n<p>[\/et_pb_text][\/et_pb_column][\/et_pb_row][\/et_pb_section][et_pb_section fb_built=&#8221;1&#8243; _builder_version=&#8221;4.18.0&#8243; _module_preset=&#8221;default&#8221; background_color=&#8221;#94b1d1&#8243; background_image=&#8221;https:\/\/project.uniurb.it\/tne-itaca\/wp-content\/uploads\/2025\/09\/download-6.webp&#8221; background_position=&#8221;top_center&#8221; background_vertical_offset=&#8221;15%&#8221; background_blend=&#8221;multiply&#8221; min_height=&#8221;350px&#8221; locked=&#8221;off&#8221; global_colors_info=&#8221;{}&#8221;][et_pb_row disabled_on=&#8221;off|off|off&#8221; _builder_version=&#8221;4.18.0&#8243; _module_preset=&#8221;default&#8221; module_alignment=&#8221;center&#8221; locked=&#8221;off&#8221; global_colors_info=&#8221;{}&#8221;][et_pb_column type=&#8221;4_4&#8243; _builder_version=&#8221;4.18.0&#8243; _module_preset=&#8221;default&#8221; global_colors_info=&#8221;{}&#8221;][et_pb_image src=&#8221;https:\/\/project.uniurb.it\/tne-itaca\/wp-content\/uploads\/2025\/09\/correct_element-06.png&#8221; title_text=&#8221;correct_element-06&#8243; disabled_on=&#8221;on|off|off&#8221; _builder_version=&#8221;4.18.0&#8243; _module_preset=&#8221;default&#8221; width=&#8221;25%&#8221; width_tablet=&#8221;45%&#8221; width_phone=&#8221;60%&#8221; width_last_edited=&#8221;on|phone&#8221; custom_margin=&#8221;||||false|false&#8221; custom_margin_tablet=&#8221;||||false|false&#8221; custom_margin_phone=&#8221;-40px||||false|false&#8221; custom_margin_last_edited=&#8221;on|phone&#8221; custom_padding=&#8221;|||40px|false|false&#8221; custom_padding_tablet=&#8221;|||40px|false|false&#8221; custom_padding_phone=&#8221;0px|||15px|false|false&#8221; custom_padding_last_edited=&#8221;on|phone&#8221; global_colors_info=&#8221;{}&#8221;][\/et_pb_image][\/et_pb_column][\/et_pb_row][et_pb_row _builder_version=&#8221;4.18.0&#8243; _module_preset=&#8221;default&#8221; global_colors_info=&#8221;{}&#8221;][et_pb_column type=&#8221;4_4&#8243; _builder_version=&#8221;4.18.0&#8243; _module_preset=&#8221;default&#8221; global_colors_info=&#8221;{}&#8221;][et_pb_text disabled_on=&#8221;on|on|on&#8221; _builder_version=&#8221;4.18.0&#8243; _module_preset=&#8221;default&#8221; background_layout=&#8221;dark&#8221; module_alignment=&#8221;left&#8221; custom_margin=&#8221;|||25px|false|false&#8221; custom_margin_tablet=&#8221;||||false|false&#8221; custom_margin_phone=&#8221;|||0px|false|false&#8221; custom_margin_last_edited=&#8221;on|phone&#8221; custom_padding=&#8221;0px|||||&#8221; disabled=&#8221;on&#8221; inline_fonts=&#8221;ABeeZee&#8221; global_colors_info=&#8221;{}&#8221;]<\/p>\n<h2><strong>TNE ENGINES<\/strong><\/h2>\n<h4>[&#8230;]<\/h4>\n<p>[\/et_pb_text][et_pb_image src=&#8221;https:\/\/project.uniurb.it\/tne-itaca\/wp-content\/uploads\/2025\/09\/itaca_loghi_pnrr_sitoweb-scaled.png&#8221; alt=&#8221;Logo TNE &#8211; ENGINES&#8221; title_text=&#8221;itaca_loghi_pnrr_sitoweb&#8221; disabled_on=&#8221;on|off|off&#8221; _builder_version=&#8221;4.18.0&#8243; _module_preset=&#8221;default&#8221; custom_margin=&#8221;||||false|false&#8221; custom_margin_tablet=&#8221;||||false|false&#8221; custom_margin_phone=&#8221;||||false|false&#8221; custom_margin_last_edited=&#8221;on|phone&#8221; custom_padding=&#8221;30px|0px|0px|0px|false|false&#8221; global_colors_info=&#8221;{}&#8221;][\/et_pb_image][\/et_pb_column][\/et_pb_row][et_pb_row _builder_version=&#8221;4.18.0&#8243; _module_preset=&#8221;default&#8221; locked=&#8221;off&#8221; global_colors_info=&#8221;{}&#8221;][et_pb_column type=&#8221;4_4&#8243; _builder_version=&#8221;4.18.0&#8243; _module_preset=&#8221;default&#8221; global_colors_info=&#8221;{}&#8221;][et_pb_image src=&#8221;https:\/\/project.uniurb.it\/tne-itaca\/wp-content\/uploads\/2025\/10\/ITACA_ELEMENTS-1-scaled.png&#8221; title_text=&#8221;ITACA_ELEMENTS&#8221; disabled_on=&#8221;off|on|on&#8221; _builder_version=&#8221;4.18.0&#8243; _module_preset=&#8221;default&#8221; width=&#8221;100%&#8221; width_tablet=&#8221;47%&#8221; width_phone=&#8221;100%&#8221; width_last_edited=&#8221;on|phone&#8221; max_width=&#8221;100%&#8221; global_colors_info=&#8221;{}&#8221;][\/et_pb_image][\/et_pb_column][\/et_pb_row][\/et_pb_section][et_pb_section fb_built=&#8221;1&#8243; _builder_version=&#8221;4.18.0&#8243; _module_preset=&#8221;default&#8221; background_image=&#8221;https:\/\/project.uniurb.it\/tne-itaca\/wp-content\/uploads\/2025\/10\/ITACA_ELEMENTS.png&#8221; background_size=&#8221;contain&#8221; background_position=&#8221;top_left&#8221; background_horizontal_offset=&#8221;-19%&#8221; background_vertical_offset=&#8221;7%&#8221; background_last_edited=&#8221;on|phone&#8221; background_size_phone=&#8221;initial&#8221; background_horizontal_offset_phone=&#8221;42%&#8221; background_vertical_offset_phone=&#8221;-17%&#8221; background_repeat_phone=&#8221;repeat-y&#8221; background_blend_phone=&#8221;normal&#8221; global_colors_info=&#8221;{}&#8221;][et_pb_row _builder_version=&#8221;4.18.0&#8243; _module_preset=&#8221;default&#8221; global_colors_info=&#8221;{}&#8221;][et_pb_column type=&#8221;4_4&#8243; _builder_version=&#8221;4.18.0&#8243; _module_preset=&#8221;default&#8221; global_colors_info=&#8221;{}&#8221;][et_pb_text disabled_on=&#8221;off|off|off&#8221; _builder_version=&#8221;4.18.0&#8243; _module_preset=&#8221;default&#8221; custom_margin=&#8221;0px||||false|false&#8221; global_colors_info=&#8221;{}&#8221;]<\/p>\n<h1 style=\"text-align: left;\">TNE ITACA<\/h1>\n<p>[\/et_pb_text][et_pb_text disabled_on=&#8221;off|off|off&#8221; _builder_version=&#8221;4.18.0&#8243; _module_preset=&#8221;default&#8221; text_font=&#8221;Montserrat|300|||||||&#8221; text_text_color=&#8221;#000000&#8243; text_font_size=&#8221;20px&#8221; header_3_font=&#8221;Montserrat||||||||&#8221; header_3_text_color=&#8221;#474747&#8243; header_3_line_height=&#8221;1.3em&#8221; custom_margin=&#8221;-20px||||false|false&#8221; global_colors_info=&#8221;{}&#8221;]<\/p>\n<p><span>Internationalizing ITalian ACdemia with Africa<\/span><\/p>\n<p>[\/et_pb_text][et_pb_text _builder_version=&#8221;4.18.0&#8243; _module_preset=&#8221;default&#8221; text_text_color=&#8221;#ff8400&#8243; header_text_color=&#8221;#5d84c3&#8243; header_2_font=&#8221;Montserrat|700|||||||&#8221; header_2_text_color=&#8221;#5d84c3&#8243; custom_margin=&#8221;||0px||false|false&#8221; custom_padding=&#8221;||20px||false|false&#8221; global_colors_info=&#8221;{}&#8221;]<\/p>\n<h2><span style=\"color: #5d84c3;\">African Members<br \/><\/span><span style=\"color: #5d84c3;\"><\/span><\/h2>\n<p>[\/et_pb_text][et_pb_text disabled_on=&#8221;on|on|on&#8221; _builder_version=&#8221;4.18.0&#8243; _module_preset=&#8221;default&#8221; text_font_size=&#8221;16px&#8221; custom_padding=&#8221;||7px|||&#8221; disabled=&#8221;on&#8221; global_colors_info=&#8221;{}&#8221;]<\/p>\n<p>[&#8230;]<\/p>\n<p>[\/et_pb_text][\/et_pb_column][\/et_pb_row][et_pb_row column_structure=&#8221;1_2,1_2&#8243; _builder_version=&#8221;4.18.0&#8243; _module_preset=&#8221;default&#8221; global_colors_info=&#8221;{}&#8221;][et_pb_column type=&#8221;1_2&#8243; _builder_version=&#8221;4.18.0&#8243; _module_preset=&#8221;default&#8221; global_colors_info=&#8221;{}&#8221;][et_pb_text _builder_version=&#8221;4.18.0&#8243; _module_preset=&#8221;default&#8221; text_font=&#8221;Montserrat||||||||&#8221; text_font_size=&#8221;15px&#8221; global_colors_info=&#8221;{}&#8221;]<\/p>\n<h3 data-start=\"154\" data-end=\"169\"><strong data-start=\"158\" data-end=\"169\">Etiopia<\/strong><\/h3>\n<ul data-start=\"170\" data-end=\"201\">\n<li data-start=\"170\" data-end=\"201\">\n<p data-start=\"172\" data-end=\"201\">St. Mary&#8217;s University (<a href=\"https:\/\/smuc.edu.et\/\">SMU<\/a>)<\/p>\n<\/li>\n<\/ul>\n<h3 data-start=\"203\" data-end=\"216\"><strong data-start=\"207\" data-end=\"216\">Ghana<\/strong><\/h3>\n<ul data-start=\"217\" data-end=\"269\">\n<li data-start=\"217\" data-end=\"269\">\n<p data-start=\"219\" data-end=\"269\">University of Professional Studies, Accra (<a href=\"https:\/\/upsa.edu.gh\/\">UPSA<\/a>)<\/p>\n<\/li>\n<\/ul>\n<h3 data-start=\"271\" data-end=\"284\"><strong data-start=\"275\" data-end=\"284\">Kenya<\/strong><\/h3>\n<ul data-start=\"285\" data-end=\"351\">\n<li data-start=\"285\" data-end=\"351\">\n<p data-start=\"287\" data-end=\"351\">Jomo Kenyatta University of Agriculture and Technology (<a href=\"https:\/\/www.jkuat.ac.ke\/\">JKUAT<\/a>)<\/p>\n<\/li>\n<\/ul>\n<h3 data-start=\"353\" data-end=\"371\"><strong data-start=\"357\" data-end=\"371\">Madagascar<\/strong><\/h3>\n<ul data-start=\"722\" data-end=\"763\">\n<li data-start=\"372\" data-end=\"412\">\n<p data-start=\"374\" data-end=\"412\">University of Antananarivo (<a href=\"https:\/\/www.univ-antananarivo.mg\/\">UniTANA)<\/a><\/p>\n<\/li>\n<\/ul>\n<h3 data-start=\"414\" data-end=\"429\"><strong data-start=\"418\" data-end=\"429\">Marocco<\/strong><\/h3>\n<ul data-start=\"430\" data-end=\"478\">\n<li data-start=\"430\" data-end=\"478\">\n<p data-start=\"432\" data-end=\"478\">Universit\u00e9 International de Casablanca (<a href=\"https:\/\/uic.ac.ma\/\">UIC<\/a>)<\/p>\n<\/li>\n<\/ul>\n<p>[\/et_pb_text][\/et_pb_column][et_pb_column type=&#8221;1_2&#8243; _builder_version=&#8221;4.18.0&#8243; _module_preset=&#8221;default&#8221; global_colors_info=&#8221;{}&#8221;][et_pb_text _builder_version=&#8221;4.18.0&#8243; _module_preset=&#8221;default&#8221; text_font=&#8221;Montserrat||||||||&#8221; text_font_size=&#8221;15px&#8221; min_height=&#8221;364px&#8221; global_colors_info=&#8221;{}&#8221;]<\/p>\n<h3 data-start=\"480\" data-end=\"497\"><strong data-start=\"484\" data-end=\"497\">Mozambico<\/strong><\/h3>\n<ul data-start=\"498\" data-end=\"545\">\n<li data-start=\"498\" data-end=\"545\">\n<p data-start=\"500\" data-end=\"545\">Universidade S\u00e3o Tom\u00e1s de Mo\u00e7ambique (<a href=\"https:\/\/ustm.ac.mz\/\">USTM<\/a>)<\/p>\n<\/li>\n<\/ul>\n<h3 data-start=\"547\" data-end=\"561\"><strong data-start=\"551\" data-end=\"561\">Ruanda<\/strong><\/h3>\n<ul data-start=\"562\" data-end=\"595\">\n<li data-start=\"562\" data-end=\"595\">\n<p data-start=\"564\" data-end=\"595\">University of Rwanda (<a href=\"https:\/\/ur.ac.rw\/\">UR-CBE<\/a>)<\/p>\n<\/li>\n<\/ul>\n<p><strong data-start=\"601\" data-end=\"612\" style=\"color: #333333; font-size: 20px;\">Tunisia<\/strong><\/p>\n<ul data-start=\"613\" data-end=\"651\">\n<li data-start=\"613\" data-end=\"651\">\n<p data-start=\"615\" data-end=\"651\">Universit\u00e9 Centrale de Tunis (<a href=\"https:\/\/www.universitecentrale.net\/\">UCG<\/a>)<\/p>\n<\/li>\n<\/ul>\n<h3 data-start=\"653\" data-end=\"667\"><strong data-start=\"657\" data-end=\"667\">Uganda<\/strong><\/h3>\n<ul data-start=\"668\" data-end=\"703\">\n<li data-start=\"668\" data-end=\"703\">\n<p data-start=\"670\" data-end=\"703\">Uganda Martyrs University (<a href=\"https:\/\/umu.ac.ug\/\">UMU<\/a>)<\/p>\n<\/li>\n<\/ul>\n<h3 data-start=\"705\" data-end=\"721\"><strong data-start=\"709\" data-end=\"721\">Zimbabwe<\/strong><\/h3>\n<ul data-start=\"722\" data-end=\"763\">\n<li data-start=\"722\" data-end=\"763\">\n<p data-start=\"724\" data-end=\"763\">Catholic University of Zimbabwe (<a href=\"https:\/\/cuz.ac.zw\/\">CUZ<\/a>)<\/p>\n<\/li>\n<\/ul>\n<p>[\/et_pb_text][\/et_pb_column][\/et_pb_row][et_pb_row _builder_version=&#8221;4.18.0&#8243; _module_preset=&#8221;default&#8221; global_colors_info=&#8221;{}&#8221;][et_pb_column type=&#8221;4_4&#8243; _builder_version=&#8221;4.18.0&#8243; _module_preset=&#8221;default&#8221; global_colors_info=&#8221;{}&#8221;][et_pb_text _builder_version=&#8221;4.18.0&#8243; _module_preset=&#8221;default&#8221; text_font=&#8221;Montserrat||||||||&#8221; text_text_color=&#8221;#242424&#8243; text_font_size=&#8221;15px&#8221; header_2_font=&#8221;Montserrat|700|||||||&#8221; header_4_font=&#8221;Montserrat||||||||&#8221; header_4_line_height=&#8221;1.3em&#8221; global_colors_info=&#8221;{}&#8221;]<\/p>\n<h2><span style=\"color: #5d84c3;\">Scientific Committee Uniurb<\/span><strong data-start=\"207\" data-end=\"216\"><\/strong><\/h2>\n<p>&nbsp;<\/p>\n<ul>\n<li data-start=\"203\" data-end=\"216\">\n<p><strong>Professor Massimo Ciambotti<\/strong> (Coordinator and Scientific Referent)<\/p>\n<\/li>\n<li data-start=\"203\" data-end=\"216\">\n<p><strong>Professor Barbara Francioni<\/strong> (Member of the Scientific Committee)<\/p>\n<\/li>\n<li data-start=\"203\" data-end=\"216\">\n<p><strong>Professor Giovanni Marin<\/strong> (Member of the Scientific Committee)<\/p>\n<\/li>\n<li data-start=\"203\" data-end=\"216\">\n<p><strong>Professor Federica Palazzi<\/strong> (Member of the Scientific Committee)<\/p>\n<\/li>\n<\/ul>\n<p>[\/et_pb_text][\/et_pb_column][\/et_pb_row][\/et_pb_section][et_pb_section fb_built=&#8221;1&#8243; _builder_version=&#8221;4.18.0&#8243; _module_preset=&#8221;default&#8221; background_color=&#8221;#000000&#8243; global_colors_info=&#8221;{}&#8221;][et_pb_row _builder_version=&#8221;4.18.0&#8243; _module_preset=&#8221;default&#8221; global_colors_info=&#8221;{}&#8221;][et_pb_column type=&#8221;4_4&#8243; _builder_version=&#8221;4.18.0&#8243; _module_preset=&#8221;default&#8221; global_colors_info=&#8221;{}&#8221;][et_pb_image src=&#8221;https:\/\/project.uniurb.it\/tne-itaca\/wp-content\/uploads\/2025\/09\/itaca_loghi_pnrr_sitoweb-scaled.png&#8221; alt=&#8221;Logo TNE &#8211; ENGINES&#8221; title_text=&#8221;itaca_loghi_pnrr_sitoweb&#8221; _builder_version=&#8221;4.18.0&#8243; _module_preset=&#8221;default&#8221; global_colors_info=&#8221;{}&#8221;][\/et_pb_image][\/et_pb_column][\/et_pb_row][et_pb_row _builder_version=&#8221;4.18.0&#8243; _module_preset=&#8221;default&#8221; global_colors_info=&#8221;{}&#8221;][et_pb_column type=&#8221;4_4&#8243; _builder_version=&#8221;4.18.0&#8243; _module_preset=&#8221;default&#8221; global_colors_info=&#8221;{}&#8221;][et_pb_text _builder_version=&#8221;4.18.0&#8243; _module_preset=&#8221;default&#8221; text_font_size=&#8221;12px&#8221; background_layout=&#8221;dark&#8221; custom_margin=&#8221;||||false|false&#8221; custom_padding=&#8221;||0px|||&#8221; hover_enabled=&#8221;0&#8243; global_colors_info=&#8221;{}&#8221; sticky_enabled=&#8221;0&#8243;]<\/p>\n<p class=\"p1\" style=\"text-align: center;\"><span>\u201cITACA \u2013 Internationalizing ITAlian ACademia with Africa\u201d<\/span><br \/><span>Project Proposal TNE23-00075 \u2013 CUP J51I24000250006<\/span><\/p>\n<p>[\/et_pb_text][\/et_pb_column][\/et_pb_row][\/et_pb_section][et_pb_section fb_built=&#8221;1&#8243; fullwidth=&#8221;on&#8221; _builder_version=&#8221;4.18.0&#8243; _module_preset=&#8221;default&#8221; global_colors_info=&#8221;{}&#8221;][et_pb_fullwidth_image src=&#8221;https:\/\/project.uniurb.it\/tne-itaca\/wp-content\/uploads\/2025\/09\/download-4.webp&#8221; title_text=&#8221;download (4)&#8221; _builder_version=&#8221;4.18.0&#8243; _module_preset=&#8221;default&#8221; background_enable_image=&#8221;off&#8221; background_position=&#8221;top_center&#8221; background_vertical_offset=&#8221;43%&#8221; global_colors_info=&#8221;{}&#8221;][\/et_pb_fullwidth_image][\/et_pb_section]<\/p>\n","protected":false},"excerpt":{"rendered":"<p>The main aim of ENGINES (ENhancing Governance and INnovation capacities for the higher Education System regeneration) is to strengthen HEI\u2019s innovation capacity by boosting innovation through cooperation and flow of knowledge for providing new skills and coping with skills mismatches, by designing and creating new learning tracks supporting the development of a sense of initiative and entrepreneurial mind-sets.<\/p>\n","protected":false},"author":1,"featured_media":0,"parent":0,"menu_order":0,"comment_status":"closed","ping_status":"closed","template":"","meta":{"_et_pb_use_builder":"on","_et_pb_old_content":"","_et_gb_content_width":"","footnotes":""},"class_list":["post-257119","page","type-page","status-publish","hentry"],"yoast_head":"<!-- This site is optimized with the Yoast SEO plugin v25.9 - https:\/\/yoast.com\/wordpress\/plugins\/seo\/ -->\n<title>African Members - TNE - Itaca<\/title>\n<meta name=\"description\" content=\"The main aim of ENGINES (ENhancing Governance and INnovation capacities for the higher Education System regeneration) is to strengthen HEI\u2019s innovation capacity by boosting innovation through cooperation and flow of knowledge for providing new skills and coping with skills mismatches, by designing and creating new learning tracks supporting the development of a sense of initiative and entrepreneurial mind-sets.\" \/>\n<meta name=\"robots\" content=\"noindex, follow, max-snippet:-1, max-image-preview:large, max-video-preview:-1\" \/>\n<meta property=\"og:locale\" content=\"it_IT\" \/>\n<meta property=\"og:type\" content=\"article\" \/>\n<meta property=\"og:title\" content=\"PNRR-TNE International Mobility Programme \u2013 ENhancing Governance and INnovation capacities for the higher Education System regeneration (ENGINES)\" \/>\n<meta property=\"og:description\" content=\"The main aim of ENGINES (ENhancing Governance and INnovation capacities for the higher Education System regeneration) is to strengthen HEI\u2019s innovation capacity by boosting innovation through cooperation and flow of knowledge for providing new skills and coping with skills mismatches, by designing and creating new learning tracks supporting the development of a sense of initiative and entrepreneurial mind-sets.\" \/>\n<meta property=\"og:url\" content=\"https:\/\/project.uniurb.it\/tne-itaca\/associate-partners\/\" \/>\n<meta property=\"og:site_name\" content=\"TNE - Itaca\" \/>\n<meta property=\"article:modified_time\" content=\"2025-10-09T15:58:17+00:00\" \/>\n<meta property=\"og:image\" content=\"https:\/\/project.uniurb.it\/tne-itaca\/wp-content\/uploads\/2025\/09\/smart-81.jpeg\" \/>\n\t<meta property=\"og:image:width\" content=\"1280\" \/>\n\t<meta property=\"og:image:height\" content=\"720\" \/>\n\t<meta property=\"og:image:type\" content=\"image\/jpeg\" \/>\n<meta name=\"twitter:card\" content=\"summary_large_image\" \/>\n<meta name=\"twitter:label1\" content=\"Tempo di lettura stimato\" \/>\n\t<meta name=\"twitter:data1\" content=\"2 minuti\" \/>\n<script type=\"application\/ld+json\" class=\"yoast-schema-graph\">{\"@context\":\"https:\/\/schema.org\",\"@graph\":[{\"@type\":\"WebPage\",\"@id\":\"https:\/\/project.uniurb.it\/tne-itaca\/associate-partners\/\",\"url\":\"https:\/\/project.uniurb.it\/tne-itaca\/associate-partners\/\",\"name\":\"African Members - TNE - Itaca\",\"isPartOf\":{\"@id\":\"https:\/\/project.uniurb.it\/tne-itaca\/#website\"},\"datePublished\":\"2025-09-11T13:07:07+00:00\",\"dateModified\":\"2025-10-09T15:58:17+00:00\",\"description\":\"The main aim of ENGINES (ENhancing Governance and INnovation capacities for the higher Education System regeneration) is to strengthen HEI\u2019s innovation capacity by boosting innovation through cooperation and flow of knowledge for providing new skills and coping with skills mismatches, by designing and creating new learning tracks supporting the development of a sense of initiative and entrepreneurial mind-sets.\",\"breadcrumb\":{\"@id\":\"https:\/\/project.uniurb.it\/tne-itaca\/associate-partners\/#breadcrumb\"},\"inLanguage\":\"it-IT\",\"potentialAction\":[{\"@type\":\"ReadAction\",\"target\":[\"https:\/\/project.uniurb.it\/tne-itaca\/associate-partners\/\"]}]},{\"@type\":\"BreadcrumbList\",\"@id\":\"https:\/\/project.uniurb.it\/tne-itaca\/associate-partners\/#breadcrumb\",\"itemListElement\":[{\"@type\":\"ListItem\",\"position\":1,\"name\":\"Home\",\"item\":\"https:\/\/project.uniurb.it\/tne-itaca\/\"},{\"@type\":\"ListItem\",\"position\":2,\"name\":\"African Members\"}]},{\"@type\":\"WebSite\",\"@id\":\"https:\/\/project.uniurb.it\/tne-itaca\/#website\",\"url\":\"https:\/\/project.uniurb.it\/tne-itaca\/\",\"name\":\"TNE - Itaca\",\"description\":\"[...]\",\"potentialAction\":[{\"@type\":\"SearchAction\",\"target\":{\"@type\":\"EntryPoint\",\"urlTemplate\":\"https:\/\/project.uniurb.it\/tne-itaca\/?s={search_term_string}\"},\"query-input\":{\"@type\":\"PropertyValueSpecification\",\"valueRequired\":true,\"valueName\":\"search_term_string\"}}],\"inLanguage\":\"it-IT\"}]}<\/script>\n<!-- \/ Yoast SEO plugin. -->","yoast_head_json":{"title":"African Members - TNE - Itaca","description":"The main aim of ENGINES (ENhancing Governance and INnovation capacities for the higher Education System regeneration) is to strengthen HEI\u2019s innovation capacity by boosting innovation through cooperation and flow of knowledge for providing new skills and coping with skills mismatches, by designing and creating new learning tracks supporting the development of a sense of initiative and entrepreneurial mind-sets.","robots":{"index":"noindex","follow":"follow","max-snippet":"max-snippet:-1","max-image-preview":"max-image-preview:large","max-video-preview":"max-video-preview:-1"},"og_locale":"it_IT","og_type":"article","og_title":"PNRR-TNE International Mobility Programme \u2013 ENhancing Governance and INnovation capacities for the higher Education System regeneration (ENGINES)","og_description":"The main aim of ENGINES (ENhancing Governance and INnovation capacities for the higher Education System regeneration) is to strengthen HEI\u2019s innovation capacity by boosting innovation through cooperation and flow of knowledge for providing new skills and coping with skills mismatches, by designing and creating new learning tracks supporting the development of a sense of initiative and entrepreneurial mind-sets.","og_url":"https:\/\/project.uniurb.it\/tne-itaca\/associate-partners\/","og_site_name":"TNE - Itaca","article_modified_time":"2025-10-09T15:58:17+00:00","og_image":[{"width":1280,"height":720,"url":"https:\/\/project.uniurb.it\/tne-itaca\/wp-content\/uploads\/2025\/09\/smart-81.jpeg","type":"image\/jpeg"}],"twitter_card":"summary_large_image","twitter_misc":{"Tempo di lettura stimato":"2 minuti"},"schema":{"@context":"https:\/\/schema.org","@graph":[{"@type":"WebPage","@id":"https:\/\/project.uniurb.it\/tne-itaca\/associate-partners\/","url":"https:\/\/project.uniurb.it\/tne-itaca\/associate-partners\/","name":"African Members - TNE - Itaca","isPartOf":{"@id":"https:\/\/project.uniurb.it\/tne-itaca\/#website"},"datePublished":"2025-09-11T13:07:07+00:00","dateModified":"2025-10-09T15:58:17+00:00","description":"The main aim of ENGINES (ENhancing Governance and INnovation capacities for the higher Education System regeneration) is to strengthen HEI\u2019s innovation capacity by boosting innovation through cooperation and flow of knowledge for providing new skills and coping with skills mismatches, by designing and creating new learning tracks supporting the development of a sense of initiative and entrepreneurial mind-sets.","breadcrumb":{"@id":"https:\/\/project.uniurb.it\/tne-itaca\/associate-partners\/#breadcrumb"},"inLanguage":"it-IT","potentialAction":[{"@type":"ReadAction","target":["https:\/\/project.uniurb.it\/tne-itaca\/associate-partners\/"]}]},{"@type":"BreadcrumbList","@id":"https:\/\/project.uniurb.it\/tne-itaca\/associate-partners\/#breadcrumb","itemListElement":[{"@type":"ListItem","position":1,"name":"Home","item":"https:\/\/project.uniurb.it\/tne-itaca\/"},{"@type":"ListItem","position":2,"name":"African Members"}]},{"@type":"WebSite","@id":"https:\/\/project.uniurb.it\/tne-itaca\/#website","url":"https:\/\/project.uniurb.it\/tne-itaca\/","name":"TNE - Itaca","description":"[...]","potentialAction":[{"@type":"SearchAction","target":{"@type":"EntryPoint","urlTemplate":"https:\/\/project.uniurb.it\/tne-itaca\/?s={search_term_string}"},"query-input":{"@type":"PropertyValueSpecification","valueRequired":true,"valueName":"search_term_string"}}],"inLanguage":"it-IT"}]}},"_links":{"self":[{"href":"https:\/\/project.uniurb.it\/tne-itaca\/wp-json\/wp\/v2\/pages\/257119","targetHints":{"allow":["GET"]}}],"collection":[{"href":"https:\/\/project.uniurb.it\/tne-itaca\/wp-json\/wp\/v2\/pages"}],"about":[{"href":"https:\/\/project.uniurb.it\/tne-itaca\/wp-json\/wp\/v2\/types\/page"}],"author":[{"embeddable":true,"href":"https:\/\/project.uniurb.it\/tne-itaca\/wp-json\/wp\/v2\/users\/1"}],"replies":[{"embeddable":true,"href":"https:\/\/project.uniurb.it\/tne-itaca\/wp-json\/wp\/v2\/comments?post=257119"}],"version-history":[{"count":34,"href":"https:\/\/project.uniurb.it\/tne-itaca\/wp-json\/wp\/v2\/pages\/257119\/revisions"}],"predecessor-version":[{"id":257572,"href":"https:\/\/project.uniurb.it\/tne-itaca\/wp-json\/wp\/v2\/pages\/257119\/revisions\/257572"}],"wp:attachment":[{"href":"https:\/\/project.uniurb.it\/tne-itaca\/wp-json\/wp\/v2\/media?parent=257119"}],"curies":[{"name":"wp","href":"https:\/\/api.w.org\/{rel}","templated":true}]}}