{"id":256858,"date":"2024-12-03T14:43:28","date_gmt":"2024-12-03T14:43:28","guid":{"rendered":"https:\/\/project.uniurb.it\/vitality\/?page_id=256858"},"modified":"2026-03-06T16:11:57","modified_gmt":"2026-03-06T16:11:57","slug":"location","status":"publish","type":"page","link":"https:\/\/project.uniurb.it\/vitality\/location\/","title":{"rendered":"Location"},"content":{"rendered":"<p>[et_pb_section fb_built=&#8221;1&#8243; _builder_version=&#8221;4.18.0&#8243; _module_preset=&#8221;default&#8221; background_color=&#8221;#bb7537&#8243; custom_margin=&#8221;0px|0px|0px|0px|false|false&#8221; custom_padding=&#8221;0px|0px|0px|0px|false|false&#8221; global_colors_info=&#8221;{}&#8221;][et_pb_row _builder_version=&#8221;4.27.4&#8243; _module_preset=&#8221;default&#8221; custom_padding=&#8221;0px|0px|0px|0px|false|false&#8221; global_colors_info=&#8221;{}&#8221;][et_pb_column type=&#8221;4_4&#8243; _builder_version=&#8221;4.18.0&#8243; _module_preset=&#8221;default&#8221; global_colors_info=&#8221;{}&#8221;][et_pb_text _builder_version=&#8221;4.27.4&#8243; _module_preset=&#8221;default&#8221; text_font=&#8221;|||on|||||&#8221; text_text_color=&#8221;#FFFFFF&#8221; custom_margin=&#8221;10px||10px||false|false&#8221; global_colors_info=&#8221;{}&#8221;]<\/p>\n<p>Missione 4 \u2014 <strong>Istruzione e Ricerca <\/strong>| PNRR per la M4C2 Investimento 1.5<br \/>Codice identificativo: <strong>ECS_00000041<\/strong> | CUP: <strong>H33C22000430006<\/strong><\/p>\n<p>[\/et_pb_text][\/et_pb_column][\/et_pb_row][\/et_pb_section][et_pb_section fb_built=&#8221;1&#8243; _builder_version=&#8221;4.27.4&#8243; _module_preset=&#8221;default&#8221; background_color=&#8221;#005092&#8243; background_image=&#8221;https:\/\/project.uniurb.it\/vitality\/wp-content\/uploads\/2024\/12\/campus-scientifico-enrico-mattei.png&#8221; background_blend=&#8221;multiply&#8221; min_height=&#8221;350px&#8221; global_colors_info=&#8221;{}&#8221;][et_pb_row _builder_version=&#8221;4.18.0&#8243; _module_preset=&#8221;default&#8221; global_colors_info=&#8221;{}&#8221;][et_pb_column type=&#8221;4_4&#8243; _builder_version=&#8221;4.18.0&#8243; _module_preset=&#8221;default&#8221; global_colors_info=&#8221;{}&#8221;][et_pb_text _builder_version=&#8221;4.27.4&#8243; _module_preset=&#8221;default&#8221; header_font=&#8221;|700||on|||||&#8221; background_layout=&#8221;dark&#8221; inline_fonts=&#8221;ABeeZee&#8221; global_colors_info=&#8221;{}&#8221;]<\/p>\n<h1>Innovative Therapeutic Approaches: New Chemical Entities, Biologics and Drugs Delivery<\/h1>\n<h3>SPOKE 8 \u2014 PNRR MISSIONE 4<\/h3>\n<p>[\/et_pb_text][\/et_pb_column][\/et_pb_row][et_pb_row column_structure=&#8221;1_4,1_4,1_4,1_4&#8243; disabled_on=&#8221;on|on|on&#8221; _builder_version=&#8221;4.18.0&#8243; _module_preset=&#8221;default&#8221; custom_padding=&#8221;||0px|||&#8221; global_colors_info=&#8221;{}&#8221; disabled=&#8221;on&#8221;][et_pb_column type=&#8221;1_4&#8243; _builder_version=&#8221;4.18.0&#8243; _module_preset=&#8221;default&#8221; global_colors_info=&#8221;{}&#8221;][et_pb_image src=&#8221;https:\/\/project.uniurb.it\/vitality\/wp-content\/uploads\/2023\/05\/vitality-pnrr-loghi.001.png&#8221; title_text=&#8221;vitality-pnrr-loghi.001&#8243; _builder_version=&#8221;4.18.0&#8243; _module_preset=&#8221;default&#8221; border_width_left=&#8221;1px&#8221; border_color_left=&#8221;#FFFFFF&#8221; global_colors_info=&#8221;{}&#8221;][\/et_pb_image][\/et_pb_column][et_pb_column type=&#8221;1_4&#8243; _builder_version=&#8221;4.18.0&#8243; _module_preset=&#8221;default&#8221; global_colors_info=&#8221;{}&#8221;][et_pb_image src=&#8221;https:\/\/project.uniurb.it\/vitality\/wp-content\/uploads\/2023\/05\/vitality-pnrr-loghi.002.png&#8221; title_text=&#8221;vitality-pnrr-loghi.002&#8243; _builder_version=&#8221;4.18.0&#8243; _module_preset=&#8221;default&#8221; border_width_left=&#8221;1px&#8221; border_color_left=&#8221;#FFFFFF&#8221; global_colors_info=&#8221;{}&#8221;][\/et_pb_image][\/et_pb_column][et_pb_column type=&#8221;1_4&#8243; _builder_version=&#8221;4.18.0&#8243; _module_preset=&#8221;default&#8221; global_colors_info=&#8221;{}&#8221;][et_pb_image src=&#8221;https:\/\/project.uniurb.it\/vitality\/wp-content\/uploads\/2023\/05\/vitality-pnrr-loghi.003-1.png&#8221; title_text=&#8221;vitality-pnrr-loghi.003&#8243; _builder_version=&#8221;4.18.0&#8243; _module_preset=&#8221;default&#8221; border_width_left=&#8221;1px&#8221; border_color_left=&#8221;#FFFFFF&#8221; global_colors_info=&#8221;{}&#8221;][\/et_pb_image][\/et_pb_column][et_pb_column type=&#8221;1_4&#8243; _builder_version=&#8221;4.18.0&#8243; _module_preset=&#8221;default&#8221; global_colors_info=&#8221;{}&#8221;][et_pb_image src=&#8221;https:\/\/project.uniurb.it\/vitality\/wp-content\/uploads\/2023\/05\/vitality-pnrr-loghi.004.png&#8221; title_text=&#8221;vitality-pnrr-loghi.004&#8243; _builder_version=&#8221;4.18.0&#8243; _module_preset=&#8221;default&#8221; border_width_left=&#8221;1px&#8221; border_color_left=&#8221;#FFFFFF&#8221; global_colors_info=&#8221;{}&#8221;][\/et_pb_image][\/et_pb_column][\/et_pb_row][et_pb_row _builder_version=&#8221;4.27.4&#8243; _module_preset=&#8221;default&#8221; disabled_on=&#8221;on|on|off&#8221;][et_pb_column _builder_version=&#8221;4.27.4&#8243; _module_preset=&#8221;default&#8221; type=&#8221;4_4&#8243;][et_pb_image src=&#8221;https:\/\/project.uniurb.it\/vitality\/wp-content\/uploads\/2026\/03\/Vitality-STRINGA-1-RGB-negativo.png&#8221; _builder_version=&#8221;4.27.4&#8243; _module_preset=&#8221;default&#8221; title_text=&#8221;Vitality-STRINGA-1-RGB-negativo&#8221; custom_margin=&#8221;|||-48px|false|false&#8221; hover_enabled=&#8221;0&#8243; sticky_enabled=&#8221;0&#8243;][\/et_pb_image][\/et_pb_column][\/et_pb_row][\/et_pb_section][et_pb_section fb_built=&#8221;1&#8243; _builder_version=&#8221;4.18.0&#8243; _module_preset=&#8221;default&#8221; global_colors_info=&#8221;{}&#8221;][et_pb_row _builder_version=&#8221;4.18.0&#8243; _module_preset=&#8221;default&#8221; global_colors_info=&#8221;{}&#8221;][et_pb_column type=&#8221;4_4&#8243; _builder_version=&#8221;4.18.0&#8243; _module_preset=&#8221;default&#8221; global_colors_info=&#8221;{}&#8221;][et_pb_text _builder_version=&#8221;4.27.4&#8243; _module_preset=&#8221;default&#8221; global_colors_info=&#8221;{}&#8221;]<\/p>\n<h3><span>Campus Scientifico Enrico Mattei<\/span><\/h3>\n<p><span>Il Campus Scientifico Enrico Mattei dell&#8217;Universit\u00e0 degli Studi di Urbino Carlo Bo \u00e8 un centro di ricerca avanzato situato a pochi chilometri dalla citt\u00e0, immerso nella campagna del Montefeltro. Inaugurato il 20 marzo 2024, il campus rappresenta un hub dedicato esclusivamente alla ricerca scientifica nei campi della biologia, chimica e farmacia. <\/span><\/p>\n<p>[\/et_pb_text][\/et_pb_column][\/et_pb_row][\/et_pb_section][et_pb_section fb_built=&#8221;1&#8243; _builder_version=&#8221;4.27.4&#8243; _module_preset=&#8221;default&#8221; background_image=&#8221;https:\/\/project.uniurb.it\/vitality\/wp-content\/uploads\/2024\/12\/smart-86.jpeg&#8221; min_height=&#8221;350px&#8221; global_colors_info=&#8221;{}&#8221;][\/et_pb_section][et_pb_section fb_built=&#8221;1&#8243; _builder_version=&#8221;4.27.4&#8243; _module_preset=&#8221;default&#8221; background_color=&#8221;#595959&#8243; global_colors_info=&#8221;{}&#8221;][et_pb_row _builder_version=&#8221;4.18.0&#8243; _module_preset=&#8221;default&#8221; global_colors_info=&#8221;{}&#8221;][et_pb_column type=&#8221;4_4&#8243; _builder_version=&#8221;4.18.0&#8243; _module_preset=&#8221;default&#8221; global_colors_info=&#8221;{}&#8221;][et_pb_text _builder_version=&#8221;4.27.4&#8243; _module_preset=&#8221;default&#8221; background_layout=&#8221;dark&#8221; global_colors_info=&#8221;{}&#8221;]<\/p>\n<p><span>Originariamente costruito nel 1973 dal gruppo ENI come centro studi e di ricerca, noto come SOGESTA (Societ\u00e0 Gestione Studi e Tecnologie Avanzate), l&#8217;edificio \u00e8 stato acquisito dall&#8217;Universit\u00e0 di Urbino nel 1995. Dopo una significativa riqualificazione, che ha mantenuto intatti i principali caratteri strutturali del progetto originario dell&#8217;architetto Antonio Foscari, il campus si presenta oggi con una moderna struttura in vetro e acciaio, dotata di laboratori all&#8217;avanguardia.<\/span><\/p>\n<p>[\/et_pb_text][\/et_pb_column][\/et_pb_row][\/et_pb_section][et_pb_section fb_built=&#8221;1&#8243; _builder_version=&#8221;4.27.4&#8243; _module_preset=&#8221;default&#8221; background_image=&#8221;https:\/\/project.uniurb.it\/vitality\/wp-content\/uploads\/2024\/12\/IMG_7438.jpeg&#8221; min_height=&#8221;350px&#8221; global_colors_info=&#8221;{}&#8221;][\/et_pb_section][et_pb_section fb_built=&#8221;1&#8243; _builder_version=&#8221;4.18.0&#8243; _module_preset=&#8221;default&#8221; global_colors_info=&#8221;{}&#8221;][et_pb_row _builder_version=&#8221;4.18.0&#8243; _module_preset=&#8221;default&#8221; global_colors_info=&#8221;{}&#8221;][et_pb_column type=&#8221;4_4&#8243; _builder_version=&#8221;4.18.0&#8243; _module_preset=&#8221;default&#8221; global_colors_info=&#8221;{}&#8221;][et_pb_text _builder_version=&#8221;4.27.4&#8243; _module_preset=&#8221;default&#8221; global_colors_info=&#8221;{}&#8221;]<\/p>\n<p><span>L&#8217;investimento totale per la riqualificazione del campus \u00e8 stato di 20 milioni di euro, di cui 5,5 milioni provenienti dalla Regione Marche. I lavori hanno riguardato il consolidamento strutturale, l&#8217;adeguamento antisismico, l&#8217;efficientamento energetico e l&#8217;abbattimento delle barriere architettoniche, con la realizzazione di nuovi ascensori e rampe interne. Per informazioni sul progetto: <a href=\"https:\/\/project.uniurb.it\/campus-scientifico-mattei\/\" target=\"_blank\" rel=\"noopener\" title=\"Campus Scientifico Enrico Mattei\">https:\/\/project.uniurb.it\/campus-scientifico-mattei\/<\/a><\/span><\/p>\n<p>[\/et_pb_text][et_pb_gallery gallery_ids=&#8221;256863,256864,256865,256866&#8243; show_title_and_caption=&#8221;off&#8221; show_pagination=&#8221;off&#8221; _builder_version=&#8221;4.27.4&#8243; _module_preset=&#8221;default&#8221; global_colors_info=&#8221;{}&#8221;][\/et_pb_gallery][et_pb_text _builder_version=&#8221;4.27.4&#8243; _module_preset=&#8221;default&#8221; global_colors_info=&#8221;{}&#8221;]<\/p>\n<p>Il campus ospita strumentazioni tecnologiche di ultima generazione, tra cui microscopi elettronici, risonanze magnetiche e spettrometri di massa, che permettono ai ricercatori di lavorare in sinergia e connettersi con le comunit\u00e0 scientifiche a livello internazionale. Questo ambiente favorisce la collaborazione tra saperi e competenze diverse, mettendosi al servizio delle comunit\u00e0 del territorio. <span><span class=\"\" data-state=\"closed\"><\/span><\/span><\/p>\n<p>Il Campus Scientifico Enrico Mattei rappresenta un punto di eccellenza per l&#8217;Universit\u00e0 di Urbino, coniugando scienza e bellezza in un contesto che dialoga armoniosamente con il paesaggio circostante delle colline urbinati.<\/p>\n<p>[\/et_pb_text][\/et_pb_column][\/et_pb_row][\/et_pb_section]<\/p>\n","protected":false},"excerpt":{"rendered":"<p>Missione 4 \u2014 Istruzione e Ricerca | PNRR per la M4C2 Investimento 1.5Codice identificativo: ECS_00000041 | CUP: H33C22000430006Innovative Therapeutic Approaches: New Chemical Entities, Biologics and Drugs Delivery SPOKE 8 \u2014 PNRR MISSIONE 4Campus Scientifico Enrico Mattei Il Campus Scientifico Enrico Mattei dell&#8217;Universit\u00e0 degli Studi di Urbino Carlo Bo \u00e8 un centro di ricerca avanzato situato [&hellip;]<\/p>\n","protected":false},"author":1,"featured_media":0,"parent":0,"menu_order":0,"comment_status":"closed","ping_status":"closed","template":"","meta":{"_et_pb_use_builder":"on","_et_pb_old_content":"","_et_gb_content_width":"","footnotes":""},"class_list":["post-256858","page","type-page","status-publish","hentry"],"yoast_head":"<!-- This site is optimized with the Yoast SEO plugin v25.5 - https:\/\/yoast.com\/wordpress\/plugins\/seo\/ -->\n<title>Location - Vitality<\/title>\n<meta name=\"robots\" content=\"index, follow, max-snippet:-1, max-image-preview:large, max-video-preview:-1\" \/>\n<link rel=\"canonical\" href=\"https:\/\/project.uniurb.it\/vitality\/location\/\" \/>\n<meta property=\"og:locale\" content=\"it_IT\" \/>\n<meta property=\"og:type\" content=\"article\" \/>\n<meta property=\"og:title\" content=\"Location - Vitality\" \/>\n<meta property=\"og:description\" content=\"Missione 4 \u2014 Istruzione e Ricerca | PNRR per la M4C2 Investimento 1.5Codice identificativo: ECS_00000041 | CUP: H33C22000430006Innovative Therapeutic Approaches: New Chemical Entities, Biologics and Drugs Delivery SPOKE 8 \u2014 PNRR MISSIONE 4Campus Scientifico Enrico Mattei Il Campus Scientifico Enrico Mattei dell&#039;Universit\u00e0 degli Studi di Urbino Carlo Bo \u00e8 un centro di ricerca avanzato situato [&hellip;]\" \/>\n<meta property=\"og:url\" content=\"https:\/\/project.uniurb.it\/vitality\/location\/\" \/>\n<meta property=\"og:site_name\" content=\"Vitality\" \/>\n<meta property=\"article:modified_time\" content=\"2026-03-06T16:11:57+00:00\" \/>\n<meta name=\"twitter:card\" content=\"summary_large_image\" \/>\n<meta name=\"twitter:label1\" content=\"Tempo di lettura stimato\" \/>\n\t<meta name=\"twitter:data1\" content=\"4 minuti\" \/>\n<script type=\"application\/ld+json\" class=\"yoast-schema-graph\">{\"@context\":\"https:\/\/schema.org\",\"@graph\":[{\"@type\":\"WebPage\",\"@id\":\"https:\/\/project.uniurb.it\/vitality\/location\/\",\"url\":\"https:\/\/project.uniurb.it\/vitality\/location\/\",\"name\":\"Location - Vitality\",\"isPartOf\":{\"@id\":\"https:\/\/project.uniurb.it\/vitality\/#website\"},\"datePublished\":\"2024-12-03T14:43:28+00:00\",\"dateModified\":\"2026-03-06T16:11:57+00:00\",\"breadcrumb\":{\"@id\":\"https:\/\/project.uniurb.it\/vitality\/location\/#breadcrumb\"},\"inLanguage\":\"it-IT\",\"potentialAction\":[{\"@type\":\"ReadAction\",\"target\":[\"https:\/\/project.uniurb.it\/vitality\/location\/\"]}]},{\"@type\":\"BreadcrumbList\",\"@id\":\"https:\/\/project.uniurb.it\/vitality\/location\/#breadcrumb\",\"itemListElement\":[{\"@type\":\"ListItem\",\"position\":1,\"name\":\"Home\",\"item\":\"https:\/\/project.uniurb.it\/vitality\/\"},{\"@type\":\"ListItem\",\"position\":2,\"name\":\"Location\"}]},{\"@type\":\"WebSite\",\"@id\":\"https:\/\/project.uniurb.it\/vitality\/#website\",\"url\":\"https:\/\/project.uniurb.it\/vitality\/\",\"name\":\"Vitality\",\"description\":\"\",\"publisher\":{\"@id\":\"https:\/\/project.uniurb.it\/vitality\/#organization\"},\"potentialAction\":[{\"@type\":\"SearchAction\",\"target\":{\"@type\":\"EntryPoint\",\"urlTemplate\":\"https:\/\/project.uniurb.it\/vitality\/?s={search_term_string}\"},\"query-input\":{\"@type\":\"PropertyValueSpecification\",\"valueRequired\":true,\"valueName\":\"search_term_string\"}}],\"inLanguage\":\"it-IT\"},{\"@type\":\"Organization\",\"@id\":\"https:\/\/project.uniurb.it\/vitality\/#organization\",\"name\":\"Vitality\",\"url\":\"https:\/\/project.uniurb.it\/vitality\/\",\"logo\":{\"@type\":\"ImageObject\",\"inLanguage\":\"it-IT\",\"@id\":\"https:\/\/project.uniurb.it\/vitality\/#\/schema\/logo\/image\/\",\"url\":\"https:\/\/project.uniurb.it\/vitality\/wp-content\/uploads\/2023\/05\/vitality-pnrr-loghi.004.png\",\"contentUrl\":\"https:\/\/project.uniurb.it\/vitality\/wp-content\/uploads\/2023\/05\/vitality-pnrr-loghi.004.png\",\"width\":500,\"height\":200,\"caption\":\"Vitality\"},\"image\":{\"@id\":\"https:\/\/project.uniurb.it\/vitality\/#\/schema\/logo\/image\/\"}}]}<\/script>\n<!-- \/ Yoast SEO plugin. -->","yoast_head_json":{"title":"Location - Vitality","robots":{"index":"index","follow":"follow","max-snippet":"max-snippet:-1","max-image-preview":"max-image-preview:large","max-video-preview":"max-video-preview:-1"},"canonical":"https:\/\/project.uniurb.it\/vitality\/location\/","og_locale":"it_IT","og_type":"article","og_title":"Location - Vitality","og_description":"Missione 4 \u2014 Istruzione e Ricerca | PNRR per la M4C2 Investimento 1.5Codice identificativo: ECS_00000041 | CUP: H33C22000430006Innovative Therapeutic Approaches: New Chemical Entities, Biologics and Drugs Delivery SPOKE 8 \u2014 PNRR MISSIONE 4Campus Scientifico Enrico Mattei Il Campus Scientifico Enrico Mattei dell'Universit\u00e0 degli Studi di Urbino Carlo Bo \u00e8 un centro di ricerca avanzato situato [&hellip;]","og_url":"https:\/\/project.uniurb.it\/vitality\/location\/","og_site_name":"Vitality","article_modified_time":"2026-03-06T16:11:57+00:00","twitter_card":"summary_large_image","twitter_misc":{"Tempo di lettura stimato":"4 minuti"},"schema":{"@context":"https:\/\/schema.org","@graph":[{"@type":"WebPage","@id":"https:\/\/project.uniurb.it\/vitality\/location\/","url":"https:\/\/project.uniurb.it\/vitality\/location\/","name":"Location - Vitality","isPartOf":{"@id":"https:\/\/project.uniurb.it\/vitality\/#website"},"datePublished":"2024-12-03T14:43:28+00:00","dateModified":"2026-03-06T16:11:57+00:00","breadcrumb":{"@id":"https:\/\/project.uniurb.it\/vitality\/location\/#breadcrumb"},"inLanguage":"it-IT","potentialAction":[{"@type":"ReadAction","target":["https:\/\/project.uniurb.it\/vitality\/location\/"]}]},{"@type":"BreadcrumbList","@id":"https:\/\/project.uniurb.it\/vitality\/location\/#breadcrumb","itemListElement":[{"@type":"ListItem","position":1,"name":"Home","item":"https:\/\/project.uniurb.it\/vitality\/"},{"@type":"ListItem","position":2,"name":"Location"}]},{"@type":"WebSite","@id":"https:\/\/project.uniurb.it\/vitality\/#website","url":"https:\/\/project.uniurb.it\/vitality\/","name":"Vitality","description":"","publisher":{"@id":"https:\/\/project.uniurb.it\/vitality\/#organization"},"potentialAction":[{"@type":"SearchAction","target":{"@type":"EntryPoint","urlTemplate":"https:\/\/project.uniurb.it\/vitality\/?s={search_term_string}"},"query-input":{"@type":"PropertyValueSpecification","valueRequired":true,"valueName":"search_term_string"}}],"inLanguage":"it-IT"},{"@type":"Organization","@id":"https:\/\/project.uniurb.it\/vitality\/#organization","name":"Vitality","url":"https:\/\/project.uniurb.it\/vitality\/","logo":{"@type":"ImageObject","inLanguage":"it-IT","@id":"https:\/\/project.uniurb.it\/vitality\/#\/schema\/logo\/image\/","url":"https:\/\/project.uniurb.it\/vitality\/wp-content\/uploads\/2023\/05\/vitality-pnrr-loghi.004.png","contentUrl":"https:\/\/project.uniurb.it\/vitality\/wp-content\/uploads\/2023\/05\/vitality-pnrr-loghi.004.png","width":500,"height":200,"caption":"Vitality"},"image":{"@id":"https:\/\/project.uniurb.it\/vitality\/#\/schema\/logo\/image\/"}}]}},"_links":{"self":[{"href":"https:\/\/project.uniurb.it\/vitality\/wp-json\/wp\/v2\/pages\/256858","targetHints":{"allow":["GET"]}}],"collection":[{"href":"https:\/\/project.uniurb.it\/vitality\/wp-json\/wp\/v2\/pages"}],"about":[{"href":"https:\/\/project.uniurb.it\/vitality\/wp-json\/wp\/v2\/types\/page"}],"author":[{"embeddable":true,"href":"https:\/\/project.uniurb.it\/vitality\/wp-json\/wp\/v2\/users\/1"}],"replies":[{"embeddable":true,"href":"https:\/\/project.uniurb.it\/vitality\/wp-json\/wp\/v2\/comments?post=256858"}],"version-history":[{"count":13,"href":"https:\/\/project.uniurb.it\/vitality\/wp-json\/wp\/v2\/pages\/256858\/revisions"}],"predecessor-version":[{"id":258023,"href":"https:\/\/project.uniurb.it\/vitality\/wp-json\/wp\/v2\/pages\/256858\/revisions\/258023"}],"wp:attachment":[{"href":"https:\/\/project.uniurb.it\/vitality\/wp-json\/wp\/v2\/media?parent=256858"}],"curies":[{"name":"wp","href":"https:\/\/api.w.org\/{rel}","templated":true}]}}